{"id":1306,"date":"2023-10-06T19:46:33","date_gmt":"2023-10-06T17:46:33","guid":{"rendered":"https:\/\/www.tophosteleriaprojects.com\/?page_id=1306"},"modified":"2023-10-16T17:57:17","modified_gmt":"2023-10-16T15:57:17","slug":"asador-de-pollos","status":"publish","type":"page","link":"https:\/\/www.tophosteleriaprojects.com\/ca\/negocis\/rostidor-de-pollastres\/","title":{"rendered":"ROSTITJA DE POLLOS"},"content":{"rendered":"<div data-elementor-type=\"wp-post\" data-elementor-id=\"1306\" class=\"elementor elementor-1306\" data-elementor-post-type=\"page\">\n\t\t\t\t\t\t\t\t\t<section class=\"elementor-section elementor-top-section elementor-element elementor-element-3aa0680 elementor-section-full_width elementor-section-stretched elementor-section-height-default elementor-section-height-default\" data-id=\"3aa0680\" data-element_type=\"section\" data-settings=\"{&quot;stretch_section&quot;:&quot;section-stretched&quot;}\">\n\t\t\t\t\t\t<div class=\"elementor-container elementor-column-gap-no\">\n\t\t\t\t\t<div class=\"elementor-column elementor-col-100 elementor-top-column elementor-element elementor-element-7e3789e\" data-id=\"7e3789e\" data-element_type=\"column\">\n\t\t\t<div class=\"elementor-widget-wrap elementor-element-populated\">\n\t\t\t\t\t\t\t\t<div class=\"elementor-element elementor-element-45564b1 elementor-pagination-position-outside elementor--h-position-center elementor--v-position-middle elementor-widget elementor-widget-slides\" data-id=\"45564b1\" data-element_type=\"widget\" data-settings=\"{&quot;navigation&quot;:&quot;dots&quot;,&quot;autoplay&quot;:&quot;yes&quot;,&quot;pause_on_hover&quot;:&quot;yes&quot;,&quot;pause_on_interaction&quot;:&quot;yes&quot;,&quot;autoplay_speed&quot;:5000,&quot;infinite&quot;:&quot;yes&quot;,&quot;transition&quot;:&quot;slide&quot;,&quot;transition_speed&quot;:500}\" data-widget_type=\"slides.default\">\n\t\t\t\t<div class=\"elementor-widget-container\">\n\t\t\t<style>\/*! elementor-pro - v3.16.0 - 20-09-2023 *\/\n.elementor-slides .swiper-slide-bg{background-size:cover;background-position:50%;background-repeat:no-repeat;min-width:100%;min-height:100%}.elementor-slides .swiper-slide-inner{background-repeat:no-repeat;background-position:50%;position:absolute;top:0;left:0;bottom:0;right:0;padding:50px;margin:auto}.elementor-slides .swiper-slide-inner,.elementor-slides .swiper-slide-inner:hover{color:#fff;display:flex}.elementor-slides .swiper-slide-inner .elementor-background-overlay{position:absolute;z-index:0;top:0;bottom:0;left:0;right:0}.elementor-slides .swiper-slide-inner .elementor-slide-content{position:relative;z-index:1;width:100%}.elementor-slides .swiper-slide-inner .elementor-slide-heading{font-size:35px;font-weight:700;line-height:1}.elementor-slides .swiper-slide-inner .elementor-slide-description{font-size:17px;line-height:1.4}.elementor-slides .swiper-slide-inner .elementor-slide-description:not(:last-child),.elementor-slides .swiper-slide-inner .elementor-slide-heading:not(:last-child){margin-bottom:30px}.elementor-slides .swiper-slide-inner .elementor-slide-button{border:2px solid #fff;color:#fff;background:transparent;display:inline-block}.elementor-slides .swiper-slide-inner .elementor-slide-button,.elementor-slides .swiper-slide-inner .elementor-slide-button:hover{background:transparent;color:inherit;text-decoration:none}.elementor--v-position-top .swiper-slide-inner{align-items:flex-start}.elementor--v-position-bottom .swiper-slide-inner{align-items:flex-end}.elementor--v-position-middle .swiper-slide-inner{align-items:center}.elementor--h-position-left .swiper-slide-inner{justify-content:flex-start}.elementor--h-position-right .swiper-slide-inner{justify-content:flex-end}.elementor--h-position-center .swiper-slide-inner{justify-content:center}body.rtl .elementor-widget-slides .elementor-swiper-button-next{left:10px;right:auto}body.rtl .elementor-widget-slides .elementor-swiper-button-prev{right:10px;left:auto}.elementor-slides-wrapper div:not(.swiper-slide)>.swiper-slide-inner{display:none}@media (max-width:767px){.elementor-slides .swiper-slide-inner{padding:30px}.elementor-slides .swiper-slide-inner .elementor-slide-heading{font-size:23px;line-height:1;margin-bottom:15px}.elementor-slides .swiper-slide-inner .elementor-slide-description{font-size:13px;line-height:1.4;margin-bottom:15px}}<\/style>\t\t<div class=\"elementor-swiper\">\n\t\t\t<div class=\"elementor-slides-wrapper elementor-main-swiper swiper\" dir=\"ltr\" data-animation=\"fadeInUp\">\n\t\t\t\t<div class=\"swiper-wrapper elementor-slides\">\n\t\t\t\t\t\t\t\t\t\t<div class=\"elementor-repeater-item-04af710 swiper-slide\"><div class=\"swiper-slide-bg\" role=\"img\"><\/div><div class=\"swiper-slide-inner\" ><div class=\"swiper-slide-contents\"><\/div><\/div><\/div><div class=\"elementor-repeater-item-dda9662 swiper-slide\"><div class=\"swiper-slide-bg\" role=\"img\"><\/div><div class=\"swiper-slide-inner\" ><div class=\"swiper-slide-contents\"><\/div><\/div><\/div>\t\t\t\t<\/div>\n\t\t\t\t\t\t\t\t\t\t\t\t\t\t\t<div class=\"swiper-pagination\"><\/div>\n\t\t\t\t\t\t\t\t\t\t\t\t\t\t\t\t\t<\/div>\n\t\t<\/div>\n\t\t\t\t<\/div>\n\t\t\t\t<\/div>\n\t\t\t\t\t<\/div>\n\t\t<\/div>\n\t\t\t\t\t\t\t<\/div>\n\t\t<\/section>\n\t\t\t\t<section class=\"elementor-section elementor-top-section elementor-element elementor-element-873a2fd elementor-section-boxed elementor-section-height-default elementor-section-height-default\" data-id=\"873a2fd\" data-element_type=\"section\">\n\t\t\t\t\t\t<div class=\"elementor-container elementor-column-gap-default\">\n\t\t\t\t\t<div class=\"elementor-column elementor-col-100 elementor-top-column elementor-element elementor-element-634f1b2\" data-id=\"634f1b2\" data-element_type=\"column\">\n\t\t\t<div class=\"elementor-widget-wrap elementor-element-populated\">\n\t\t\t\t\t\t\t\t<div class=\"elementor-element elementor-element-94fef9b elementor-widget elementor-widget-heading\" data-id=\"94fef9b\" data-element_type=\"widget\" data-widget_type=\"heading.default\">\n\t\t\t\t<div class=\"elementor-widget-container\">\n\t\t\t<style>\/*! elementor - v3.17.0 - 08-11-2023 *\/\n.elementor-heading-title{padding:0;margin:0;line-height:1}.elementor-widget-heading .elementor-heading-title[class*=elementor-size-]>a{color:inherit;font-size:inherit;line-height:inherit}.elementor-widget-heading .elementor-heading-title.elementor-size-small{font-size:15px}.elementor-widget-heading .elementor-heading-title.elementor-size-medium{font-size:19px}.elementor-widget-heading .elementor-heading-title.elementor-size-large{font-size:29px}.elementor-widget-heading .elementor-heading-title.elementor-size-xl{font-size:39px}.elementor-widget-heading .elementor-heading-title.elementor-size-xxl{font-size:59px}<\/style><h1 class=\"elementor-heading-title elementor-size-default\">ROSTITJA DE POLLOS<\/h1>\t\t<\/div>\n\t\t\t\t<\/div>\n\t\t\t\t\t<\/div>\n\t\t<\/div>\n\t\t\t\t\t\t\t<\/div>\n\t\t<\/section>\n\t\t\t\t<section class=\"elementor-section elementor-top-section elementor-element elementor-element-1f4a05f elementor-section-boxed elementor-section-height-default elementor-section-height-default\" data-id=\"1f4a05f\" data-element_type=\"section\">\n\t\t\t\t\t\t<div class=\"elementor-container elementor-column-gap-default\">\n\t\t\t\t\t<div class=\"elementor-column elementor-col-100 elementor-top-column elementor-element elementor-element-5168f99\" data-id=\"5168f99\" data-element_type=\"column\">\n\t\t\t<div class=\"elementor-widget-wrap elementor-element-populated\">\n\t\t\t\t\t\t\t\t<div class=\"elementor-element elementor-element-54df69f elementor-widget elementor-widget-text-editor\" data-id=\"54df69f\" data-element_type=\"widget\" data-widget_type=\"text-editor.default\">\n\t\t\t\t<div class=\"elementor-widget-container\">\n\t\t\t<style>\/*! elementor - v3.17.0 - 08-11-2023 *\/\n.elementor-widget-text-editor.elementor-drop-cap-view-stacked .elementor-drop-cap{background-color:#69727d;color:#fff}.elementor-widget-text-editor.elementor-drop-cap-view-framed .elementor-drop-cap{color:#69727d;border:3px solid;background-color:transparent}.elementor-widget-text-editor:not(.elementor-drop-cap-view-default) .elementor-drop-cap{margin-top:8px}.elementor-widget-text-editor:not(.elementor-drop-cap-view-default) .elementor-drop-cap-letter{width:1em;height:1em}.elementor-widget-text-editor .elementor-drop-cap{float:left;text-align:center;line-height:1;font-size:50px}.elementor-widget-text-editor .elementor-drop-cap-letter{display:inline-block}<\/style>\t\t\t\t<p>Aix\u00f2 segurament \u00e9s d&#039;aquelles coses que nom\u00e9s fem aqu\u00ed, aquesta cua de diumenge a buscar el nostre pollastre rostit, tamb\u00e9 anomenat pollastre a l&#039;ast. Un rostidor de pollastres \u00e9s un gran negoci que requereix \u2013relativament- poca inversi\u00f3 i poc espai. Quan parlem d&#039;un rostidor de pollastres, parlem de la m\u00e0quina rustidera, una vitrina per mantenir els pollastres calents, una campana extractora i un taulell. A partir d\u00b4aqu\u00ed, totes les idees seran bones: pots fer una zona de degustaci\u00f3, pot ser un afegit al teu restaurant, pots oferir un altre tipus de menjar per emportar, i disposar de cuina i d\u00b4una bona vitrina perqu\u00e8 el client pugui escollir, per\u00f2 el que \u00e9s la graella pr\u00f2piament dit, \u00e9s molt f\u00e0cil d\u00b4armar.\u00a0<\/p>\t\t\t\t\t\t<\/div>\n\t\t\t\t<\/div>\n\t\t\t\t<div class=\"elementor-element elementor-element-5a7b6d4 elementor-widget-divider--view-line elementor-widget elementor-widget-divider\" data-id=\"5a7b6d4\" data-element_type=\"widget\" data-widget_type=\"divider.default\">\n\t\t\t\t<div class=\"elementor-widget-container\">\n\t\t\t<style>\/*! elementor - v3.17.0 - 08-11-2023 *\/\n.elementor-widget-divider{--divider-border-style:none;--divider-border-width:1px;--divider-color:#0c0d0e;--divider-icon-size:20px;--divider-element-spacing:10px;--divider-pattern-height:24px;--divider-pattern-size:20px;--divider-pattern-url:none;--divider-pattern-repeat:repeat-x}.elementor-widget-divider .elementor-divider{display:flex}.elementor-widget-divider .elementor-divider__text{font-size:15px;line-height:1;max-width:95%}.elementor-widget-divider .elementor-divider__element{margin:0 var(--divider-element-spacing);flex-shrink:0}.elementor-widget-divider .elementor-icon{font-size:var(--divider-icon-size)}.elementor-widget-divider .elementor-divider-separator{display:flex;margin:0;direction:ltr}.elementor-widget-divider--view-line_icon .elementor-divider-separator,.elementor-widget-divider--view-line_text .elementor-divider-separator{align-items:center}.elementor-widget-divider--view-line_icon .elementor-divider-separator:after,.elementor-widget-divider--view-line_icon .elementor-divider-separator:before,.elementor-widget-divider--view-line_text .elementor-divider-separator:after,.elementor-widget-divider--view-line_text .elementor-divider-separator:before{display:block;content:\"\";border-bottom:0;flex-grow:1;border-top:var(--divider-border-width) var(--divider-border-style) var(--divider-color)}.elementor-widget-divider--element-align-left .elementor-divider .elementor-divider-separator>.elementor-divider__svg:first-of-type{flex-grow:0;flex-shrink:100}.elementor-widget-divider--element-align-left .elementor-divider-separator:before{content:none}.elementor-widget-divider--element-align-left .elementor-divider__element{margin-left:0}.elementor-widget-divider--element-align-right .elementor-divider .elementor-divider-separator>.elementor-divider__svg:last-of-type{flex-grow:0;flex-shrink:100}.elementor-widget-divider--element-align-right .elementor-divider-separator:after{content:none}.elementor-widget-divider--element-align-right .elementor-divider__element{margin-right:0}.elementor-widget-divider:not(.elementor-widget-divider--view-line_text):not(.elementor-widget-divider--view-line_icon) .elementor-divider-separator{border-top:var(--divider-border-width) var(--divider-border-style) var(--divider-color)}.elementor-widget-divider--separator-type-pattern{--divider-border-style:none}.elementor-widget-divider--separator-type-pattern.elementor-widget-divider--view-line .elementor-divider-separator,.elementor-widget-divider--separator-type-pattern:not(.elementor-widget-divider--view-line) .elementor-divider-separator:after,.elementor-widget-divider--separator-type-pattern:not(.elementor-widget-divider--view-line) .elementor-divider-separator:before,.elementor-widget-divider--separator-type-pattern:not([class*=elementor-widget-divider--view]) .elementor-divider-separator{width:100%;min-height:var(--divider-pattern-height);-webkit-mask-size:var(--divider-pattern-size) 100%;mask-size:var(--divider-pattern-size) 100%;-webkit-mask-repeat:var(--divider-pattern-repeat);mask-repeat:var(--divider-pattern-repeat);background-color:var(--divider-color);-webkit-mask-image:var(--divider-pattern-url);mask-image:var(--divider-pattern-url)}.elementor-widget-divider--no-spacing{--divider-pattern-size:auto}.elementor-widget-divider--bg-round{--divider-pattern-repeat:round}.rtl .elementor-widget-divider .elementor-divider__text{direction:rtl}.e-con-inner>.elementor-widget-divider,.e-con>.elementor-widget-divider{width:var(--container-widget-width,100%);--flex-grow:var(--container-widget-flex-grow)}<\/style>\t\t<div class=\"elementor-divider\">\n\t\t\t<span class=\"elementor-divider-separator\">\n\t\t\t\t\t\t<\/span>\n\t\t<\/div>\n\t\t\t\t<\/div>\n\t\t\t\t<\/div>\n\t\t\t\t\t<\/div>\n\t\t<\/div>\n\t\t\t\t\t\t\t<\/div>\n\t\t<\/section>\n\t\t\t\t<section class=\"elementor-section elementor-top-section elementor-element elementor-element-e2b7adf elementor-reverse-mobile elementor-section-boxed elementor-section-height-default elementor-section-height-default\" data-id=\"e2b7adf\" data-element_type=\"section\">\n\t\t\t\t\t\t<div class=\"elementor-container elementor-column-gap-default\">\n\t\t\t\t\t<div class=\"elementor-column elementor-col-50 elementor-top-column elementor-element elementor-element-8bf354d\" data-id=\"8bf354d\" data-element_type=\"column\">\n\t\t\t<div class=\"elementor-widget-wrap elementor-element-populated\">\n\t\t\t\t\t\t\t\t<div class=\"elementor-element elementor-element-97f34ec elementor-widget elementor-widget-text-editor\" data-id=\"97f34ec\" data-element_type=\"widget\" data-widget_type=\"text-editor.default\">\n\t\t\t\t<div class=\"elementor-widget-container\">\n\t\t\t\t\t\t\t<p><span style=\"font-weight: 400;\">Necessitarem sens dubte un<strong> rostidor de pollastres<\/strong>. Els m\u00e9s venuts s\u00f3n els <strong>rostidors de pollastre a gas<\/strong>: gasten proporcionalment menys, couen millor perqu\u00e8 tenen flama viva, poden funcionar a gas but\u00e0, prop\u00e0, oa gas natural, i es poden desmuntar per a la neteja. Per calcular la<strong> capacitat<\/strong>, has de fixar-te en el n\u00famero de<strong> espases<\/strong>: normalment, per cada espasa, podem posar 6 pollastres mitjans (d&#039;1,2 Kg aprox, s&#039;expliquen). Aleshores, amb 2 espases podr\u00e0s cuinar alhora 12 pollastres, amb 3 espases 18 pollastres, i aix\u00ed successivament. Aquests serien els d&#039;una sola columna d&#039;espases<strong> vertical<\/strong>. Se&#039;ls coneix com <strong>rostidor de pollastres vertical<\/strong>. Despr\u00e9s hi ha els de<strong> doble espasa<\/strong>, que alternen dues espases per cada nivell, una m\u00e9s a prop de la font de calor i una altra m\u00e9s allunyada. Tamb\u00e9 trobem els rostidors de pollastres <strong>planetaris<\/strong> o <strong>rostidors de pollastres multirotatius<\/strong>: aquests consisteixen en un plat giratori gran, on es col\u00b7loquen les espases: aquest plat gira i mou les espases com si fos una s\u00ednia, apropant-les i allunyant-les del foc; i alhora tamb\u00e9 giren les espases, per a una cocci\u00f3 m\u00e9s uniforme. En aquest cas, explica que cada plat pot allotjar 6 o 8 espases, ia cada espasa els 6 pollastres, per la qual cosa a cada plat podem rostir fins a 36 o 48 pollastres. L&#039;avantatge d&#039;aquest model \u00e9s que \u00e9s molt <strong>m\u00e9s compacte<\/strong> i t\u00e9 una <strong>capacitat de producci\u00f3<\/strong> igual que el de 8 espases vertical, per exemple, amb un sol plat. En un rostidor de gas has de tenir en compte encendre&#039;l de dalt a baix: si ho fas al rev\u00e9s, la calor de l&#039;inferior mour\u00e0 el gas i li costar\u00e0 m\u00e9s encendre&#039;l al seg\u00fcent.\u00a0<\/span><\/p>\t\t\t\t\t\t<\/div>\n\t\t\t\t<\/div>\n\t\t\t\t\t<\/div>\n\t\t<\/div>\n\t\t\t\t<div class=\"elementor-column elementor-col-50 elementor-top-column elementor-element elementor-element-ece3c45 imatge-fons\" data-id=\"ece3c45\" data-element_type=\"column\" data-settings=\"{&quot;background_background&quot;:&quot;classic&quot;}\">\n\t\t\t<div class=\"elementor-widget-wrap\">\n\t\t\t\t\t\t\t\t\t<\/div>\n\t\t<\/div>\n\t\t\t\t\t\t\t<\/div>\n\t\t<\/section>\n\t\t\t\t<section class=\"elementor-section elementor-top-section elementor-element elementor-element-3ffacf2 elementor-section-boxed elementor-section-height-default elementor-section-height-default\" data-id=\"3ffacf2\" data-element_type=\"section\">\n\t\t\t\t\t\t<div class=\"elementor-container elementor-column-gap-default\">\n\t\t\t\t\t<div class=\"elementor-column elementor-col-50 elementor-top-column elementor-element elementor-element-9079522 imatge-fons\" data-id=\"9079522\" data-element_type=\"column\" data-settings=\"{&quot;background_background&quot;:&quot;classic&quot;}\">\n\t\t\t<div class=\"elementor-widget-wrap\">\n\t\t\t\t\t\t\t\t\t<\/div>\n\t\t<\/div>\n\t\t\t\t<div class=\"elementor-column elementor-col-50 elementor-top-column elementor-element elementor-element-fe21c68\" data-id=\"fe21c68\" data-element_type=\"column\">\n\t\t\t<div class=\"elementor-widget-wrap elementor-element-populated\">\n\t\t\t\t\t\t\t\t<div class=\"elementor-element elementor-element-7ceea77 elementor-widget elementor-widget-text-editor\" data-id=\"7ceea77\" data-element_type=\"widget\" data-widget_type=\"text-editor.default\">\n\t\t\t\t<div class=\"elementor-widget-container\">\n\t\t\t\t\t\t\t\t\t\t\t\t\t<\/div>\n\t\t\t\t<\/div>\n\t\t\t\t<div class=\"elementor-element elementor-element-f712c2f elementor-widget elementor-widget-text-editor\" data-id=\"f712c2f\" data-element_type=\"widget\" data-widget_type=\"text-editor.default\">\n\t\t\t\t<div class=\"elementor-widget-container\">\n\t\t\t\t\t\t\t<p><span style=\"font-weight: 400;\">Altres models de <strong>rostidors de pollastres<\/strong> poden ser <strong>el\u00e8ctrics oa llenya<\/strong>. Els primers no es venen tant perqu\u00e8 consumeixen molt i la font de calor no \u00e9s tan potent com el gas, i per aix\u00f2 la cocci\u00f3 no \u00e9s tan r\u00e0pida. Els segons confereixen a l&#039;aliment un <strong>sabor fumat<\/strong> extra, i s\u00f3n ideals per col\u00b7locar a <strong>zones d&#039;exterior<\/strong> on el client pot veure la cocci\u00f3, a m\u00e9s, com que desprenen m\u00e9s fum, s\u00f3n ideals per a l&#039;aire lliure. Encara que s\u00f3n menys comuns, s\u00f3n una bona aposta per ser exposats: la llenya es col\u00b7loca en una mena de costelles que equivaldrien a les plaques incandescents dels models de gas, i les espases giren igual. A m\u00e9s, existeixen els <strong>rostidors per a grans peces<\/strong>: el sistema de funcionament \u00e9s el mateix, per\u00f2 disposen d&#039;una sola espasa on col\u00b7loquem una sola pe\u00e7a, com un garr\u00ed, un xai de llet, etc, d&#039;una sola pe\u00e7a, per cuinar-la uniformement tal com fem amb els pollastres.\u00a0<\/span><\/p><p><span style=\"font-weight: 400;\">Tingues en compte que en qualsevol rostidor \u00e9s recomanable instal\u00b7lar-ne una <strong>campana extractora<\/strong> (en el cas del gas \u00e9s imprescindible), que ser\u00e0 recomanable que sigui <strong>invertida<\/strong>, \u00e9s a dir, que tingui els filtres invertits, per recollir m\u00e9s calor i bafs, i el motor haur\u00e0 de ser extern, amb la calor que emet un rostidor de pollastres, el motor incorporat no funcionaria b\u00e9 tant per la temperatura com pels greixos que s&#039;adheririen de seguida a l&#039;interior dificultant el funcionament correcte.\u00a0<\/span><\/p>\t\t\t\t\t\t<\/div>\n\t\t\t\t<\/div>\n\t\t\t\t\t<\/div>\n\t\t<\/div>\n\t\t\t\t\t\t\t<\/div>\n\t\t<\/section>\n\t\t\t\t<section class=\"elementor-section elementor-top-section elementor-element elementor-element-fb7ba86 elementor-section-boxed elementor-section-height-default elementor-section-height-default\" data-id=\"fb7ba86\" data-element_type=\"section\">\n\t\t\t\t\t\t<div class=\"elementor-container elementor-column-gap-default\">\n\t\t\t\t\t<div class=\"elementor-column elementor-col-50 elementor-top-column elementor-element elementor-element-da7e3a7\" data-id=\"da7e3a7\" data-element_type=\"column\">\n\t\t\t<div class=\"elementor-widget-wrap elementor-element-populated\">\n\t\t\t\t\t\t\t\t<div class=\"elementor-element elementor-element-398adba elementor-widget elementor-widget-text-editor\" data-id=\"398adba\" data-element_type=\"widget\" data-widget_type=\"text-editor.default\">\n\t\t\t\t<div class=\"elementor-widget-container\">\n\t\t\t\t\t\t\t<p><span style=\"font-weight: 400;\">Per completar els <strong>indispensables<\/strong> d&#039;un <strong>rostidor de pollastres<\/strong>, \u00e9s molt recomanable que disposis d&#039;algun punt de suport per maniobrar la col\u00b7locaci\u00f3 i retirada dels pollastres, com una <strong>taula d&#039;acer inoxidable<\/strong>. Hi ha un accessoris espec\u00edfic anomenat \u201c<strong>safata de trosseig<\/strong>\u201d que resulta molt \u00fatil tant per a la maniobra com per, com el seu nom indica, trossejar el pollastre: disposa d&#039;unes ranures als extrems per poder col\u00b7locar l&#039;espasa i est\u00e0 fabricada en acer inoxidable per a una <strong>higiene perfecta<\/strong>. Tamb\u00e9 \u00e9s interessant comptar amb una <strong>vitrina expositora calenta<\/strong>: aix\u00f2 ens permet o b\u00e9 exposar els pollastres ja cuinats o b\u00e9 mantenir-los calents a l&#039;env\u00e0s fins que el nostre client ho reculli. Tamb\u00e9 necistar\u00e0s un <strong>aig\u00fcera<\/strong>, una aixeta, idealment un <strong>rentaplats<\/strong> per poder rentar els <strong>broquetes<\/strong> de les espases, els utensilis, etc, i un taulell per poder col\u00b7locar accessoris, la caixa de cobrament, envasos, etc. I sempre pots ampliar-lo amb un petit <strong>expositor per a begudes fredes<\/strong>, per exemple. Com pots veure, un <strong>rostidor de pollastres<\/strong> \u00e9s un negoci molt b\u00e0sic, que requereix una inversi\u00f3 limitada, i que pot reportar <strong>bons beneficis<\/strong> en un curt espai de temps. Ah! Aprofita per cuinar les patates per acompanyar el pollastre a la base de la graella, espectaculars!\u00a0<\/span><\/p>\t\t\t\t\t\t<\/div>\n\t\t\t\t<\/div>\n\t\t\t\t\t<\/div>\n\t\t<\/div>\n\t\t\t\t<div class=\"elementor-column elementor-col-50 elementor-top-column elementor-element elementor-element-2de88d9 imatge-fons\" data-id=\"2de88d9\" data-element_type=\"column\" data-settings=\"{&quot;background_background&quot;:&quot;classic&quot;}\">\n\t\t\t<div class=\"elementor-widget-wrap\">\n\t\t\t\t\t\t\t\t\t<\/div>\n\t\t<\/div>\n\t\t\t\t\t\t\t<\/div>\n\t\t<\/section>\n\t\t\t\t\t\t\t<\/div>","protected":false},"excerpt":{"rendered":"<p>ROSTITJA DE POLLOS Aix\u00f2 segurament \u00e9s d&#039;aquelles coses que nom\u00e9s fem aqu\u00ed, aquesta cua de diumenge a pel nostre pollastre rostit, tamb\u00e9 anomenat pollastre a l&#039;ast. Un rostidor de pollastres \u00e9s un gran negoci que requereix de \u2013relativament- poca inversi\u00f3 i poc espai. Quan parlem d&#039;un rostidor de pollastres, parlem de la m\u00e0quina\u2026&nbsp;<a href=\"https:\/\/www.tophosteleriaprojects.com\/ca\/negocis\/rostidor-de-pollastres\/\" class=\"\" rel=\"bookmark\">Llegiu m\u00e9s \u00bb<span class=\"screen-reader-text\">ROSTITJA DE POLLOS<\/span><\/a><\/p>","protected":false},"author":1,"featured_media":0,"parent":963,"menu_order":0,"comment_status":"closed","ping_status":"closed","template":"","meta":{"neve_meta_sidebar":"","neve_meta_container":"","neve_meta_enable_content_width":"","neve_meta_content_width":0,"neve_meta_title_alignment":"","neve_meta_author_avatar":"","neve_post_elements_order":"","neve_meta_disable_header":"","neve_meta_disable_footer":"","neve_meta_disable_title":"","neve_meta_reading_time":"","footnotes":""},"_links":{"self":[{"href":"https:\/\/www.tophosteleriaprojects.com\/ca\/wp-json\/wp\/v2\/pages\/1306"}],"collection":[{"href":"https:\/\/www.tophosteleriaprojects.com\/ca\/wp-json\/wp\/v2\/pages"}],"about":[{"href":"https:\/\/www.tophosteleriaprojects.com\/ca\/wp-json\/wp\/v2\/types\/page"}],"author":[{"embeddable":true,"href":"https:\/\/www.tophosteleriaprojects.com\/ca\/wp-json\/wp\/v2\/users\/1"}],"replies":[{"embeddable":true,"href":"https:\/\/www.tophosteleriaprojects.com\/ca\/wp-json\/wp\/v2\/comments?post=1306"}],"version-history":[{"count":16,"href":"https:\/\/www.tophosteleriaprojects.com\/ca\/wp-json\/wp\/v2\/pages\/1306\/revisions"}],"predecessor-version":[{"id":2166,"href":"https:\/\/www.tophosteleriaprojects.com\/ca\/wp-json\/wp\/v2\/pages\/1306\/revisions\/2166"}],"up":[{"embeddable":true,"href":"https:\/\/www.tophosteleriaprojects.com\/ca\/wp-json\/wp\/v2\/pages\/963"}],"wp:attachment":[{"href":"https:\/\/www.tophosteleriaprojects.com\/ca\/wp-json\/wp\/v2\/media?parent=1306"}],"curies":[{"name":"wp","href":"https:\/\/api.w.org\/{rel}","templated":true}]}}