{"id":1421,"date":"2023-10-10T11:46:57","date_gmt":"2023-10-10T09:46:57","guid":{"rendered":"https:\/\/www.tophosteleriaprojects.com\/?page_id=1421"},"modified":"2023-10-16T17:59:00","modified_gmt":"2023-10-16T15:59:00","slug":"buffet-autoservicio-y-self-service","status":"publish","type":"page","link":"https:\/\/www.tophosteleriaprojects.com\/ca\/negocis\/buffet-autoservei-i-self-service\/","title":{"rendered":"Buffet self-service i autoservei"},"content":{"rendered":"<div data-elementor-type=\"wp-post\" data-elementor-id=\"1421\" class=\"elementor elementor-1421\" data-elementor-post-type=\"page\">\n\t\t\t\t\t\t\t\t\t<section class=\"elementor-section elementor-top-section elementor-element elementor-element-3aa0680 elementor-section-full_width elementor-section-stretched elementor-section-height-default elementor-section-height-default\" data-id=\"3aa0680\" data-element_type=\"section\" data-settings=\"{&quot;stretch_section&quot;:&quot;section-stretched&quot;}\">\n\t\t\t\t\t\t<div class=\"elementor-container elementor-column-gap-no\">\n\t\t\t\t\t<div class=\"elementor-column elementor-col-100 elementor-top-column elementor-element elementor-element-7e3789e\" data-id=\"7e3789e\" data-element_type=\"column\">\n\t\t\t<div class=\"elementor-widget-wrap elementor-element-populated\">\n\t\t\t\t\t\t\t\t<div class=\"elementor-element elementor-element-45564b1 elementor-pagination-position-outside elementor--h-position-center elementor--v-position-middle elementor-widget elementor-widget-slides\" data-id=\"45564b1\" data-element_type=\"widget\" data-settings=\"{&quot;navigation&quot;:&quot;dots&quot;,&quot;autoplay&quot;:&quot;yes&quot;,&quot;pause_on_hover&quot;:&quot;yes&quot;,&quot;pause_on_interaction&quot;:&quot;yes&quot;,&quot;autoplay_speed&quot;:5000,&quot;infinite&quot;:&quot;yes&quot;,&quot;transition&quot;:&quot;slide&quot;,&quot;transition_speed&quot;:500}\" data-widget_type=\"slides.default\">\n\t\t\t\t<div class=\"elementor-widget-container\">\n\t\t\t<style>\/*! elementor-pro - v3.16.0 - 20-09-2023 *\/\n.elementor-slides .swiper-slide-bg{background-size:cover;background-position:50%;background-repeat:no-repeat;min-width:100%;min-height:100%}.elementor-slides .swiper-slide-inner{background-repeat:no-repeat;background-position:50%;position:absolute;top:0;left:0;bottom:0;right:0;padding:50px;margin:auto}.elementor-slides .swiper-slide-inner,.elementor-slides .swiper-slide-inner:hover{color:#fff;display:flex}.elementor-slides .swiper-slide-inner .elementor-background-overlay{position:absolute;z-index:0;top:0;bottom:0;left:0;right:0}.elementor-slides .swiper-slide-inner .elementor-slide-content{position:relative;z-index:1;width:100%}.elementor-slides .swiper-slide-inner .elementor-slide-heading{font-size:35px;font-weight:700;line-height:1}.elementor-slides .swiper-slide-inner .elementor-slide-description{font-size:17px;line-height:1.4}.elementor-slides .swiper-slide-inner .elementor-slide-description:not(:last-child),.elementor-slides .swiper-slide-inner .elementor-slide-heading:not(:last-child){margin-bottom:30px}.elementor-slides .swiper-slide-inner .elementor-slide-button{border:2px solid #fff;color:#fff;background:transparent;display:inline-block}.elementor-slides .swiper-slide-inner .elementor-slide-button,.elementor-slides .swiper-slide-inner .elementor-slide-button:hover{background:transparent;color:inherit;text-decoration:none}.elementor--v-position-top .swiper-slide-inner{align-items:flex-start}.elementor--v-position-bottom .swiper-slide-inner{align-items:flex-end}.elementor--v-position-middle .swiper-slide-inner{align-items:center}.elementor--h-position-left .swiper-slide-inner{justify-content:flex-start}.elementor--h-position-right .swiper-slide-inner{justify-content:flex-end}.elementor--h-position-center .swiper-slide-inner{justify-content:center}body.rtl .elementor-widget-slides .elementor-swiper-button-next{left:10px;right:auto}body.rtl .elementor-widget-slides .elementor-swiper-button-prev{right:10px;left:auto}.elementor-slides-wrapper div:not(.swiper-slide)>.swiper-slide-inner{display:none}@media (max-width:767px){.elementor-slides .swiper-slide-inner{padding:30px}.elementor-slides .swiper-slide-inner .elementor-slide-heading{font-size:23px;line-height:1;margin-bottom:15px}.elementor-slides .swiper-slide-inner .elementor-slide-description{font-size:13px;line-height:1.4;margin-bottom:15px}}<\/style>\t\t<div class=\"elementor-swiper\">\n\t\t\t<div class=\"elementor-slides-wrapper elementor-main-swiper swiper\" dir=\"ltr\" data-animation=\"fadeInUp\">\n\t\t\t\t<div class=\"swiper-wrapper elementor-slides\">\n\t\t\t\t\t\t\t\t\t\t<div class=\"elementor-repeater-item-dda9662 swiper-slide\"><div class=\"swiper-slide-bg\" role=\"img\"><\/div><div class=\"swiper-slide-inner\" ><div class=\"swiper-slide-contents\"><\/div><\/div><\/div><div class=\"elementor-repeater-item-b898ad5 swiper-slide\"><div class=\"swiper-slide-bg\" role=\"img\"><\/div><div class=\"swiper-slide-inner\" ><div class=\"swiper-slide-contents\"><\/div><\/div><\/div><div class=\"elementor-repeater-item-e7cfd06 swiper-slide\"><div class=\"swiper-slide-bg\" role=\"img\"><\/div><div class=\"swiper-slide-inner\" ><div class=\"swiper-slide-contents\"><\/div><\/div><\/div>\t\t\t\t<\/div>\n\t\t\t\t\t\t\t\t\t\t\t\t\t\t\t<div class=\"swiper-pagination\"><\/div>\n\t\t\t\t\t\t\t\t\t\t\t\t\t\t\t\t\t<\/div>\n\t\t<\/div>\n\t\t\t\t<\/div>\n\t\t\t\t<\/div>\n\t\t\t\t\t<\/div>\n\t\t<\/div>\n\t\t\t\t\t\t\t<\/div>\n\t\t<\/section>\n\t\t\t\t<section class=\"elementor-section elementor-top-section elementor-element elementor-element-873a2fd elementor-section-boxed elementor-section-height-default elementor-section-height-default\" data-id=\"873a2fd\" data-element_type=\"section\">\n\t\t\t\t\t\t<div class=\"elementor-container elementor-column-gap-default\">\n\t\t\t\t\t<div class=\"elementor-column elementor-col-100 elementor-top-column elementor-element elementor-element-634f1b2\" data-id=\"634f1b2\" data-element_type=\"column\">\n\t\t\t<div class=\"elementor-widget-wrap elementor-element-populated\">\n\t\t\t\t\t\t\t\t<div class=\"elementor-element elementor-element-94fef9b elementor-widget elementor-widget-heading\" data-id=\"94fef9b\" data-element_type=\"widget\" data-widget_type=\"heading.default\">\n\t\t\t\t<div class=\"elementor-widget-container\">\n\t\t\t<style>\/*! elementor - v3.17.0 - 08-11-2023 *\/\n.elementor-heading-title{padding:0;margin:0;line-height:1}.elementor-widget-heading .elementor-heading-title[class*=elementor-size-]>a{color:inherit;font-size:inherit;line-height:inherit}.elementor-widget-heading .elementor-heading-title.elementor-size-small{font-size:15px}.elementor-widget-heading .elementor-heading-title.elementor-size-medium{font-size:19px}.elementor-widget-heading .elementor-heading-title.elementor-size-large{font-size:29px}.elementor-widget-heading .elementor-heading-title.elementor-size-xl{font-size:39px}.elementor-widget-heading .elementor-heading-title.elementor-size-xxl{font-size:59px}<\/style><h1 class=\"elementor-heading-title elementor-size-default\">BUFFET AUTOSERVICI I SELF-SERVICE<\/h1>\t\t<\/div>\n\t\t\t\t<\/div>\n\t\t\t\t\t<\/div>\n\t\t<\/div>\n\t\t\t\t\t\t\t<\/div>\n\t\t<\/section>\n\t\t\t\t<section class=\"elementor-section elementor-top-section elementor-element elementor-element-1f4a05f elementor-section-boxed elementor-section-height-default elementor-section-height-default\" data-id=\"1f4a05f\" data-element_type=\"section\">\n\t\t\t\t\t\t<div class=\"elementor-container elementor-column-gap-default\">\n\t\t\t\t\t<div class=\"elementor-column elementor-col-100 elementor-top-column elementor-element elementor-element-5168f99\" data-id=\"5168f99\" data-element_type=\"column\">\n\t\t\t<div class=\"elementor-widget-wrap elementor-element-populated\">\n\t\t\t\t\t\t\t\t<div class=\"elementor-element elementor-element-54df69f elementor-widget elementor-widget-text-editor\" data-id=\"54df69f\" data-element_type=\"widget\" data-widget_type=\"text-editor.default\">\n\t\t\t\t<div class=\"elementor-widget-container\">\n\t\t\t<style>\/*! elementor - v3.17.0 - 08-11-2023 *\/\n.elementor-widget-text-editor.elementor-drop-cap-view-stacked .elementor-drop-cap{background-color:#69727d;color:#fff}.elementor-widget-text-editor.elementor-drop-cap-view-framed .elementor-drop-cap{color:#69727d;border:3px solid;background-color:transparent}.elementor-widget-text-editor:not(.elementor-drop-cap-view-default) .elementor-drop-cap{margin-top:8px}.elementor-widget-text-editor:not(.elementor-drop-cap-view-default) .elementor-drop-cap-letter{width:1em;height:1em}.elementor-widget-text-editor .elementor-drop-cap{float:left;text-align:center;line-height:1;font-size:50px}.elementor-widget-text-editor .elementor-drop-cap-letter{display:inline-block}<\/style>\t\t\t\t<p>Tot i que \u00e9s un dels negocis que menys es va veient, no deixa de ser un referent en tipus de restauraci\u00f3. En definitiva, el client se serveix el seu propi menjar, en general amb un preu fix. En un autoservei o buffet lliure podem oferir al client uns aliments concrets cuinats al moment, en aquest cas tamb\u00e9 necessitarem un punt de cocci\u00f3, que normalment est\u00e0 a la vista, aix\u00ed que a m\u00e9s de la planxa, fry top, planxa teppanyaki, wok o barbacoa, necessitar\u00e0s una bona campana d&#039;extracci\u00f3 per evitar l&#039;acumulaci\u00f3 de fums. I per descomptat, l&#039;element central \u00e9s, \u00f2bviament, els mobles de bufet lliure o autoservei.<\/p>\t\t\t\t\t\t<\/div>\n\t\t\t\t<\/div>\n\t\t\t\t<div class=\"elementor-element elementor-element-5a7b6d4 elementor-widget-divider--view-line elementor-widget elementor-widget-divider\" data-id=\"5a7b6d4\" data-element_type=\"widget\" data-widget_type=\"divider.default\">\n\t\t\t\t<div class=\"elementor-widget-container\">\n\t\t\t<style>\/*! elementor - v3.17.0 - 08-11-2023 *\/\n.elementor-widget-divider{--divider-border-style:none;--divider-border-width:1px;--divider-color:#0c0d0e;--divider-icon-size:20px;--divider-element-spacing:10px;--divider-pattern-height:24px;--divider-pattern-size:20px;--divider-pattern-url:none;--divider-pattern-repeat:repeat-x}.elementor-widget-divider .elementor-divider{display:flex}.elementor-widget-divider .elementor-divider__text{font-size:15px;line-height:1;max-width:95%}.elementor-widget-divider .elementor-divider__element{margin:0 var(--divider-element-spacing);flex-shrink:0}.elementor-widget-divider .elementor-icon{font-size:var(--divider-icon-size)}.elementor-widget-divider .elementor-divider-separator{display:flex;margin:0;direction:ltr}.elementor-widget-divider--view-line_icon .elementor-divider-separator,.elementor-widget-divider--view-line_text .elementor-divider-separator{align-items:center}.elementor-widget-divider--view-line_icon .elementor-divider-separator:after,.elementor-widget-divider--view-line_icon .elementor-divider-separator:before,.elementor-widget-divider--view-line_text .elementor-divider-separator:after,.elementor-widget-divider--view-line_text .elementor-divider-separator:before{display:block;content:\"\";border-bottom:0;flex-grow:1;border-top:var(--divider-border-width) var(--divider-border-style) var(--divider-color)}.elementor-widget-divider--element-align-left .elementor-divider .elementor-divider-separator>.elementor-divider__svg:first-of-type{flex-grow:0;flex-shrink:100}.elementor-widget-divider--element-align-left .elementor-divider-separator:before{content:none}.elementor-widget-divider--element-align-left .elementor-divider__element{margin-left:0}.elementor-widget-divider--element-align-right .elementor-divider .elementor-divider-separator>.elementor-divider__svg:last-of-type{flex-grow:0;flex-shrink:100}.elementor-widget-divider--element-align-right .elementor-divider-separator:after{content:none}.elementor-widget-divider--element-align-right .elementor-divider__element{margin-right:0}.elementor-widget-divider:not(.elementor-widget-divider--view-line_text):not(.elementor-widget-divider--view-line_icon) .elementor-divider-separator{border-top:var(--divider-border-width) var(--divider-border-style) var(--divider-color)}.elementor-widget-divider--separator-type-pattern{--divider-border-style:none}.elementor-widget-divider--separator-type-pattern.elementor-widget-divider--view-line .elementor-divider-separator,.elementor-widget-divider--separator-type-pattern:not(.elementor-widget-divider--view-line) .elementor-divider-separator:after,.elementor-widget-divider--separator-type-pattern:not(.elementor-widget-divider--view-line) .elementor-divider-separator:before,.elementor-widget-divider--separator-type-pattern:not([class*=elementor-widget-divider--view]) .elementor-divider-separator{width:100%;min-height:var(--divider-pattern-height);-webkit-mask-size:var(--divider-pattern-size) 100%;mask-size:var(--divider-pattern-size) 100%;-webkit-mask-repeat:var(--divider-pattern-repeat);mask-repeat:var(--divider-pattern-repeat);background-color:var(--divider-color);-webkit-mask-image:var(--divider-pattern-url);mask-image:var(--divider-pattern-url)}.elementor-widget-divider--no-spacing{--divider-pattern-size:auto}.elementor-widget-divider--bg-round{--divider-pattern-repeat:round}.rtl .elementor-widget-divider .elementor-divider__text{direction:rtl}.e-con-inner>.elementor-widget-divider,.e-con>.elementor-widget-divider{width:var(--container-widget-width,100%);--flex-grow:var(--container-widget-flex-grow)}<\/style>\t\t<div class=\"elementor-divider\">\n\t\t\t<span class=\"elementor-divider-separator\">\n\t\t\t\t\t\t<\/span>\n\t\t<\/div>\n\t\t\t\t<\/div>\n\t\t\t\t<\/div>\n\t\t\t\t\t<\/div>\n\t\t<\/div>\n\t\t\t\t\t\t\t<\/div>\n\t\t<\/section>\n\t\t\t\t<section class=\"elementor-section elementor-top-section elementor-element elementor-element-e2b7adf elementor-reverse-mobile elementor-section-boxed elementor-section-height-default elementor-section-height-default\" data-id=\"e2b7adf\" data-element_type=\"section\">\n\t\t\t\t\t\t<div class=\"elementor-container elementor-column-gap-default\">\n\t\t\t\t\t<div class=\"elementor-column elementor-col-50 elementor-top-column elementor-element elementor-element-8bf354d\" data-id=\"8bf354d\" data-element_type=\"column\">\n\t\t\t<div class=\"elementor-widget-wrap elementor-element-populated\">\n\t\t\t\t\t\t\t\t<div class=\"elementor-element elementor-element-97f34ec elementor-widget elementor-widget-text-editor\" data-id=\"97f34ec\" data-element_type=\"widget\" data-widget_type=\"text-editor.default\">\n\t\t\t\t<div class=\"elementor-widget-container\">\n\t\t\t\t\t\t\t<p>La <strong>exposici\u00f3 dels aliments<\/strong> es desplega en aquests <strong>mobles d&#039;autoservei<\/strong>: poden ser <strong>freds, neutres o calents<\/strong>, sens dubte segons qu\u00e8 exposarem. Normalment es treballa amb mides aix\u00ed com amb safates gastronorm. Dins dels <strong>mobles buffet lliure freds<\/strong> podem trobar la <strong>placa freda<\/strong>, que \u00e9s molt \u00fatil per a la conservaci\u00f3 de begudes fredes, safates, amanides, etc; i despr\u00e9s hi ha la <strong>cuba freda<\/strong>, que ens permet enfonsar les safates GN, en la combinaci\u00f3 que m\u00e9s ens convingui, deixant l&#039;exposici\u00f3 a un mateix nivell, combinant els ingredients que vulguem amb les diferents mides GN, i mantenir millor el fred perqu\u00e8 ve de baix. Els <strong>mobles calents<\/strong> poden ser un <strong>moble buffet bany maria<\/strong> o<strong> bany maria sec<\/strong>. Aquest segon \u00e9s m\u00e9s habitual perqu\u00e8 no requereix desgu\u00e0s, per\u00f2 els primers distribueixen millor la calor perqu\u00e8 escalfen laigua que toca la base de la safata GN mantenint la temperatura. Compte, tingues en compte que un bany maria humit en cap cas aporta humitat als aliments, perqu\u00e8 aquests es troben allotjats a la <strong>safata GN<\/strong>. Finalment, els <strong>mobles neutres<\/strong> s\u00f3n els que utilitzarem per a la cubeteria o per a aliments que no necessitin temperatura, com les begudes naturals, i tamb\u00e9 podem col\u00b7locar <strong>dispensadors de begudes<\/strong>, chafing dish, mantenidors, torradors, tovallons, les safates autoservei, etc.<\/p>\t\t\t\t\t\t<\/div>\n\t\t\t\t<\/div>\n\t\t\t\t\t<\/div>\n\t\t<\/div>\n\t\t\t\t<div class=\"elementor-column elementor-col-50 elementor-top-column elementor-element elementor-element-ece3c45 imatge-fons\" data-id=\"ece3c45\" data-element_type=\"column\" data-settings=\"{&quot;background_background&quot;:&quot;classic&quot;}\">\n\t\t\t<div class=\"elementor-widget-wrap\">\n\t\t\t\t\t\t\t\t\t<\/div>\n\t\t<\/div>\n\t\t\t\t\t\t\t<\/div>\n\t\t<\/section>\n\t\t\t\t<section class=\"elementor-section elementor-top-section elementor-element elementor-element-3ffacf2 elementor-section-boxed elementor-section-height-default elementor-section-height-default\" data-id=\"3ffacf2\" data-element_type=\"section\">\n\t\t\t\t\t\t<div class=\"elementor-container elementor-column-gap-default\">\n\t\t\t\t\t<div class=\"elementor-column elementor-col-50 elementor-top-column elementor-element elementor-element-9079522 imatge-fons\" data-id=\"9079522\" data-element_type=\"column\" data-settings=\"{&quot;background_background&quot;:&quot;classic&quot;}\">\n\t\t\t<div class=\"elementor-widget-wrap\">\n\t\t\t\t\t\t\t\t\t<\/div>\n\t\t<\/div>\n\t\t\t\t<div class=\"elementor-column elementor-col-50 elementor-top-column elementor-element elementor-element-fe21c68\" data-id=\"fe21c68\" data-element_type=\"column\">\n\t\t\t<div class=\"elementor-widget-wrap elementor-element-populated\">\n\t\t\t\t\t\t\t\t<div class=\"elementor-element elementor-element-7ceea77 elementor-widget elementor-widget-text-editor\" data-id=\"7ceea77\" data-element_type=\"widget\" data-widget_type=\"text-editor.default\">\n\t\t\t\t<div class=\"elementor-widget-container\">\n\t\t\t\t\t\t\t\t\t\t\t\t\t<\/div>\n\t\t\t\t<\/div>\n\t\t\t\t<div class=\"elementor-element elementor-element-f712c2f elementor-widget elementor-widget-text-editor\" data-id=\"f712c2f\" data-element_type=\"widget\" data-widget_type=\"text-editor.default\">\n\t\t\t\t<div class=\"elementor-widget-container\">\n\t\t\t\t\t\t\t<p>Per aconseguir un <strong>aspecte uniforme<\/strong> al teu <strong>negoci de bufet lliure<\/strong> o <strong>autoservei<\/strong>, has d&#039;adquirir tota la l\u00ednia al <strong>mateix fabricant<\/strong>, i per anar b\u00e9, els mateixos acabats. Cada moble \u00e9s personalitzable: alguns fabricants incorporen el buit per a plats, altres fabriquen el <strong>moble amb reserva<\/strong> comptant que encara que sigui <strong>autoservei<\/strong> hi pot haver un cambrer o alg\u00fa de suport al client o per servir; despr\u00e9s has de <strong>integrar la imatge<\/strong>, aix\u00f2 ho podr\u00e0s fer a m\u00e9s de amb la personalitzaci\u00f3 de colors, amb la barana passaplats, els s\u00f2cols, les pantalles \u2013que en el cas dels mobles calents poden ser amb halogen per mantenir millor la temperatura-, que aquestes siguin amb il\u00b7luminaci\u00f3 o no, etc. A l&#039;hora d&#039;escollir <strong>la l\u00ednia del teu buffet lliure<\/strong>, fixa&#039;t en tot el que necessitar\u00e0s i qu\u00e8 inclou o no el fabricant, perqu\u00e8 com veus, s\u00f3n <strong>totalment personalitzables<\/strong>.<\/p>\t\t\t\t\t\t<\/div>\n\t\t\t\t<\/div>\n\t\t\t\t\t<\/div>\n\t\t<\/div>\n\t\t\t\t\t\t\t<\/div>\n\t\t<\/section>\n\t\t\t\t<section class=\"elementor-section elementor-top-section elementor-element elementor-element-fb7ba86 elementor-reverse-mobile elementor-section-boxed elementor-section-height-default elementor-section-height-default\" data-id=\"fb7ba86\" data-element_type=\"section\">\n\t\t\t\t\t\t<div class=\"elementor-container elementor-column-gap-default\">\n\t\t\t\t\t<div class=\"elementor-column elementor-col-50 elementor-top-column elementor-element elementor-element-da7e3a7\" data-id=\"da7e3a7\" data-element_type=\"column\">\n\t\t\t<div class=\"elementor-widget-wrap elementor-element-populated\">\n\t\t\t\t\t\t\t\t<div class=\"elementor-element elementor-element-398adba elementor-widget elementor-widget-text-editor\" data-id=\"398adba\" data-element_type=\"widget\" data-widget_type=\"text-editor.default\">\n\t\t\t\t<div class=\"elementor-widget-container\">\n\t\t\t\t\t\t\t<p>El <strong>punt de cocci\u00f3<\/strong>, si \u00e9s que ho ofereixes, tamb\u00e9 ser\u00e0 important. Un dels punts forts s\u00f3n les <strong>planxes teppanyaki<\/strong>, molt habituals als locals de menjar asi\u00e0tic, amb molta <strong>visibilitat<\/strong> i que permeten al client veure en directe la cocci\u00f3 de la seva elecci\u00f3. \u00c9s molt probable que necessitis aquest punt de cocci\u00f3 sobretot per a peixos i mariscs, i la secci\u00f3 de carns. Els guisats poden <strong>mantenir-se en calent<\/strong> sense perdre propietats o saber, per\u00f2 en canvi una carn o un peix a la planxa, o un ou, nom\u00e9s pot ser acabat de fer. Aposta per <strong>tenir cura de l&#039;est\u00e8tica<\/strong> d&#039;aquest punt de cocci\u00f3 resulta molt cridaner i <strong>augmentar\u00e0 les vendes<\/strong>. <br \/>A m\u00e9s del mobiliari de bufet lliure pr\u00f2piament dit i el punt de cocci\u00f3, en aquest tipus de negoci \u00e9s molt important que siguis cur\u00f3s amb els <strong>accessoris<\/strong> que necessitar\u00e0s. \u00c9s probable que esperis que sigui el mateix client el que reculli i ordeni les deixalles aix\u00ed com que col \u00b7 loqui la vaixella al seu lloc per procedir al rentat. Hi ha <strong>carros per a cada comesa<\/strong>: des dels de recollida, fins als de cistelles perqu\u00e8 sigui el mateix client el que col\u00b7loqui a la cistella del rentaplats els plats, gots i coberts que hagi fet servir. Un altre <strong>valor afegit<\/strong> \u00e9s disposar d&#039;un <strong>punt de reciclatge<\/strong> amb les seves galledes de deixalles senyalitzades, on el client pugui llan\u00e7ar el<strong> vidre<\/strong>, el <strong>paper<\/strong>, els <strong>envasos<\/strong>, etc, de forma ordenada: el client valorar\u00e0 el reciclatge que es duu a terme al local, ia m\u00e9s resulta molt m\u00e9s f\u00e0cil per al restaurador dur a terme aquesta acci\u00f3 de reciclar. Per aix\u00f2 existeixen <strong>punts de reciclatge<\/strong> fabricats <strong>en acer inoxidable<\/strong> que poden anar tant en una <strong>sala<\/strong> com en una <strong>cuina professional<\/strong>. <\/p>\t\t\t\t\t\t<\/div>\n\t\t\t\t<\/div>\n\t\t\t\t\t<\/div>\n\t\t<\/div>\n\t\t\t\t<div class=\"elementor-column elementor-col-50 elementor-top-column elementor-element elementor-element-2de88d9 imatge-fons\" data-id=\"2de88d9\" data-element_type=\"column\" data-settings=\"{&quot;background_background&quot;:&quot;classic&quot;}\">\n\t\t\t<div class=\"elementor-widget-wrap\">\n\t\t\t\t\t\t\t\t\t<\/div>\n\t\t<\/div>\n\t\t\t\t\t\t\t<\/div>\n\t\t<\/section>\n\t\t\t\t<section class=\"elementor-section elementor-top-section elementor-element elementor-element-90c3f1b elementor-section-boxed elementor-section-height-default elementor-section-height-default\" data-id=\"90c3f1b\" data-element_type=\"section\">\n\t\t\t\t\t\t<div class=\"elementor-container elementor-column-gap-default\">\n\t\t\t\t\t<div class=\"elementor-column elementor-col-50 elementor-top-column elementor-element elementor-element-6c7f82c imatge-fons\" data-id=\"6c7f82c\" data-element_type=\"column\" data-settings=\"{&quot;background_background&quot;:&quot;classic&quot;}\">\n\t\t\t<div class=\"elementor-widget-wrap\">\n\t\t\t\t\t\t\t\t\t<\/div>\n\t\t<\/div>\n\t\t\t\t<div class=\"elementor-column elementor-col-50 elementor-top-column elementor-element elementor-element-58bfa74\" data-id=\"58bfa74\" data-element_type=\"column\">\n\t\t\t<div class=\"elementor-widget-wrap elementor-element-populated\">\n\t\t\t\t\t\t\t\t<div class=\"elementor-element elementor-element-8aeb0cb elementor-widget elementor-widget-text-editor\" data-id=\"8aeb0cb\" data-element_type=\"widget\" data-widget_type=\"text-editor.default\">\n\t\t\t\t<div class=\"elementor-widget-container\">\n\t\t\t\t\t\t\t\t\t\t\t\t\t<\/div>\n\t\t\t\t<\/div>\n\t\t\t\t<div class=\"elementor-element elementor-element-1fc052a elementor-widget elementor-widget-text-editor\" data-id=\"1fc052a\" data-element_type=\"widget\" data-widget_type=\"text-editor.default\">\n\t\t\t\t<div class=\"elementor-widget-container\">\n\t\t\t\t\t\t\t<p>Finalment, ser\u00e0 <strong>molt important<\/strong> tant la <strong>higiene<\/strong>, com la <strong>conservaci\u00f3<\/strong> y <strong>manteniment<\/strong> dels aliments exposats. Ser\u00e0 interessant si no ho retirar\u00e0s que adquireixis les <strong>tapes<\/strong> pertinents de les <strong>cubetes<\/strong> perqu\u00e8, per exemple, si no retirar\u00e0s les olives del moble fred, el puguis tapar en les hores en qu\u00e8 no s&#039;ofereixi el servei. En canvi, les peces m\u00e9s fresques o <strong>aliments peribles o cuinats<\/strong>, al cap de x hores s&#039;han de retirar i rebre el tractament apropiat per a cada un, subjecte a la <strong>normativa vigent<\/strong>.<\/p>\t\t\t\t\t\t<\/div>\n\t\t\t\t<\/div>\n\t\t\t\t\t<\/div>\n\t\t<\/div>\n\t\t\t\t\t\t\t<\/div>\n\t\t<\/section>\n\t\t\t\t\t\t\t<\/div>","protected":false},"excerpt":{"rendered":"<p>BUFFET AUTOSERVICIO Y SELF-SERVICE Aunque es uno de los negocios que menos se va viendo, no deja de ser un referente en tipo de restauraci\u00f3n. En definitiva, el cliente se sirve su propia comida, en general bajo un precio fijo. En un autoservicio o buffet libre adem\u00e1s podemos ofrecer al cliente unos alimentos concretos cocinados&hellip;&nbsp;<a href=\"https:\/\/www.tophosteleriaprojects.com\/ca\/negocis\/buffet-autoservei-i-self-service\/\" class=\"\" rel=\"bookmark\">Llegiu m\u00e9s \u00bb<span class=\"screen-reader-text\">Buffet self-service i autoservei<\/span><\/a><\/p>","protected":false},"author":2,"featured_media":0,"parent":963,"menu_order":0,"comment_status":"closed","ping_status":"closed","template":"","meta":{"neve_meta_sidebar":"","neve_meta_container":"","neve_meta_enable_content_width":"","neve_meta_content_width":0,"neve_meta_title_alignment":"","neve_meta_author_avatar":"","neve_post_elements_order":"","neve_meta_disable_header":"","neve_meta_disable_footer":"","neve_meta_disable_title":"","neve_meta_reading_time":"","footnotes":""},"_links":{"self":[{"href":"https:\/\/www.tophosteleriaprojects.com\/ca\/wp-json\/wp\/v2\/pages\/1421"}],"collection":[{"href":"https:\/\/www.tophosteleriaprojects.com\/ca\/wp-json\/wp\/v2\/pages"}],"about":[{"href":"https:\/\/www.tophosteleriaprojects.com\/ca\/wp-json\/wp\/v2\/types\/page"}],"author":[{"embeddable":true,"href":"https:\/\/www.tophosteleriaprojects.com\/ca\/wp-json\/wp\/v2\/users\/2"}],"replies":[{"embeddable":true,"href":"https:\/\/www.tophosteleriaprojects.com\/ca\/wp-json\/wp\/v2\/comments?post=1421"}],"version-history":[{"count":20,"href":"https:\/\/www.tophosteleriaprojects.com\/ca\/wp-json\/wp\/v2\/pages\/1421\/revisions"}],"predecessor-version":[{"id":2172,"href":"https:\/\/www.tophosteleriaprojects.com\/ca\/wp-json\/wp\/v2\/pages\/1421\/revisions\/2172"}],"up":[{"embeddable":true,"href":"https:\/\/www.tophosteleriaprojects.com\/ca\/wp-json\/wp\/v2\/pages\/963"}],"wp:attachment":[{"href":"https:\/\/www.tophosteleriaprojects.com\/ca\/wp-json\/wp\/v2\/media?parent=1421"}],"curies":[{"name":"wp","href":"https:\/\/api.w.org\/{rel}","templated":true}]}}