{"id":2345,"date":"2024-08-28T20:13:46","date_gmt":"2024-08-28T18:13:46","guid":{"rendered":"https:\/\/www.tophosteleriaprojects.com\/?page_id=2345"},"modified":"2024-08-29T10:52:24","modified_gmt":"2024-08-29T08:52:24","slug":"murales-expositores","status":"publish","type":"page","link":"https:\/\/www.tophosteleriaprojects.com\/ca\/maquinaria-fred-2\/murals-expositors\/","title":{"rendered":"Murals expositors"},"content":{"rendered":"<div data-elementor-type=\"wp-post\" data-elementor-id=\"2345\" class=\"elementor elementor-2345\" data-elementor-post-type=\"page\">\n\t\t\t\t\t\t\t\t\t<section class=\"elementor-section elementor-top-section elementor-element elementor-element-3aa0680 elementor-section-full_width elementor-section-stretched elementor-section-height-default elementor-section-height-default\" data-id=\"3aa0680\" data-element_type=\"section\" data-settings=\"{&quot;stretch_section&quot;:&quot;section-stretched&quot;}\">\n\t\t\t\t\t\t<div class=\"elementor-container elementor-column-gap-no\">\n\t\t\t\t\t<div class=\"elementor-column elementor-col-100 elementor-top-column elementor-element elementor-element-7e3789e\" data-id=\"7e3789e\" data-element_type=\"column\">\n\t\t\t<div class=\"elementor-widget-wrap elementor-element-populated\">\n\t\t\t\t\t\t\t\t<div class=\"elementor-element elementor-element-45564b1 elementor-pagination-position-outside elementor--h-position-center elementor--v-position-middle elementor-widget elementor-widget-slides\" data-id=\"45564b1\" data-element_type=\"widget\" data-settings=\"{&quot;navigation&quot;:&quot;dots&quot;,&quot;autoplay&quot;:&quot;yes&quot;,&quot;pause_on_hover&quot;:&quot;yes&quot;,&quot;pause_on_interaction&quot;:&quot;yes&quot;,&quot;autoplay_speed&quot;:5000,&quot;infinite&quot;:&quot;yes&quot;,&quot;transition&quot;:&quot;slide&quot;,&quot;transition_speed&quot;:500}\" data-widget_type=\"slides.default\">\n\t\t\t\t<div class=\"elementor-widget-container\">\n\t\t\t<style>\/*! elementor-pro - v3.16.0 - 20-09-2023 *\/\n.elementor-slides .swiper-slide-bg{background-size:cover;background-position:50%;background-repeat:no-repeat;min-width:100%;min-height:100%}.elementor-slides .swiper-slide-inner{background-repeat:no-repeat;background-position:50%;position:absolute;top:0;left:0;bottom:0;right:0;padding:50px;margin:auto}.elementor-slides .swiper-slide-inner,.elementor-slides .swiper-slide-inner:hover{color:#fff;display:flex}.elementor-slides .swiper-slide-inner .elementor-background-overlay{position:absolute;z-index:0;top:0;bottom:0;left:0;right:0}.elementor-slides .swiper-slide-inner .elementor-slide-content{position:relative;z-index:1;width:100%}.elementor-slides .swiper-slide-inner .elementor-slide-heading{font-size:35px;font-weight:700;line-height:1}.elementor-slides .swiper-slide-inner .elementor-slide-description{font-size:17px;line-height:1.4}.elementor-slides .swiper-slide-inner .elementor-slide-description:not(:last-child),.elementor-slides .swiper-slide-inner .elementor-slide-heading:not(:last-child){margin-bottom:30px}.elementor-slides .swiper-slide-inner .elementor-slide-button{border:2px solid #fff;color:#fff;background:transparent;display:inline-block}.elementor-slides .swiper-slide-inner .elementor-slide-button,.elementor-slides .swiper-slide-inner .elementor-slide-button:hover{background:transparent;color:inherit;text-decoration:none}.elementor--v-position-top .swiper-slide-inner{align-items:flex-start}.elementor--v-position-bottom .swiper-slide-inner{align-items:flex-end}.elementor--v-position-middle .swiper-slide-inner{align-items:center}.elementor--h-position-left .swiper-slide-inner{justify-content:flex-start}.elementor--h-position-right .swiper-slide-inner{justify-content:flex-end}.elementor--h-position-center .swiper-slide-inner{justify-content:center}body.rtl .elementor-widget-slides .elementor-swiper-button-next{left:10px;right:auto}body.rtl .elementor-widget-slides .elementor-swiper-button-prev{right:10px;left:auto}.elementor-slides-wrapper div:not(.swiper-slide)>.swiper-slide-inner{display:none}@media (max-width:767px){.elementor-slides .swiper-slide-inner{padding:30px}.elementor-slides .swiper-slide-inner .elementor-slide-heading{font-size:23px;line-height:1;margin-bottom:15px}.elementor-slides .swiper-slide-inner .elementor-slide-description{font-size:13px;line-height:1.4;margin-bottom:15px}}<\/style>\t\t<div class=\"elementor-swiper\">\n\t\t\t<div class=\"elementor-slides-wrapper elementor-main-swiper swiper\" dir=\"ltr\" data-animation=\"fadeInUp\">\n\t\t\t\t<div class=\"swiper-wrapper elementor-slides\">\n\t\t\t\t\t\t\t\t\t\t<div class=\"elementor-repeater-item-326f681 swiper-slide\"><div class=\"swiper-slide-bg\" role=\"img\"><\/div><div class=\"swiper-slide-inner\" ><div class=\"swiper-slide-contents\"><\/div><\/div><\/div><div class=\"elementor-repeater-item-51b6230 swiper-slide\"><div class=\"swiper-slide-bg\" role=\"img\"><\/div><div class=\"swiper-slide-inner\" ><div class=\"swiper-slide-contents\"><\/div><\/div><\/div><div class=\"elementor-repeater-item-04af710 swiper-slide\"><div class=\"swiper-slide-bg\" role=\"img\"><\/div><div class=\"swiper-slide-inner\" ><div class=\"swiper-slide-contents\"><\/div><\/div><\/div>\t\t\t\t<\/div>\n\t\t\t\t\t\t\t\t\t\t\t\t\t\t\t<div class=\"swiper-pagination\"><\/div>\n\t\t\t\t\t\t\t\t\t\t\t\t\t\t\t\t\t<\/div>\n\t\t<\/div>\n\t\t\t\t<\/div>\n\t\t\t\t<\/div>\n\t\t\t\t\t<\/div>\n\t\t<\/div>\n\t\t\t\t\t\t\t<\/div>\n\t\t<\/section>\n\t\t\t\t<section class=\"elementor-section elementor-top-section elementor-element elementor-element-873a2fd elementor-section-boxed elementor-section-height-default elementor-section-height-default\" data-id=\"873a2fd\" data-element_type=\"section\">\n\t\t\t\t\t\t<div class=\"elementor-container elementor-column-gap-default\">\n\t\t\t\t\t<div class=\"elementor-column elementor-col-100 elementor-top-column elementor-element elementor-element-634f1b2\" data-id=\"634f1b2\" data-element_type=\"column\">\n\t\t\t<div class=\"elementor-widget-wrap elementor-element-populated\">\n\t\t\t\t\t\t\t\t<div class=\"elementor-element elementor-element-94fef9b elementor-widget elementor-widget-heading\" data-id=\"94fef9b\" data-element_type=\"widget\" data-widget_type=\"heading.default\">\n\t\t\t\t<div class=\"elementor-widget-container\">\n\t\t\t<style>\/*! elementor - v3.17.0 - 08-11-2023 *\/\n.elementor-heading-title{padding:0;margin:0;line-height:1}.elementor-widget-heading .elementor-heading-title[class*=elementor-size-]>a{color:inherit;font-size:inherit;line-height:inherit}.elementor-widget-heading .elementor-heading-title.elementor-size-small{font-size:15px}.elementor-widget-heading .elementor-heading-title.elementor-size-medium{font-size:19px}.elementor-widget-heading .elementor-heading-title.elementor-size-large{font-size:29px}.elementor-widget-heading .elementor-heading-title.elementor-size-xl{font-size:39px}.elementor-widget-heading .elementor-heading-title.elementor-size-xxl{font-size:59px}<\/style><h1 class=\"elementor-heading-title elementor-size-default\">MURALS EXPOSITORS<\/h1>\t\t<\/div>\n\t\t\t\t<\/div>\n\t\t\t\t\t<\/div>\n\t\t<\/div>\n\t\t\t\t\t\t\t<\/div>\n\t\t<\/section>\n\t\t\t\t<section class=\"elementor-section elementor-top-section elementor-element elementor-element-e2b7adf elementor-section-boxed elementor-section-height-default elementor-section-height-default\" data-id=\"e2b7adf\" data-element_type=\"section\">\n\t\t\t\t\t\t<div class=\"elementor-container elementor-column-gap-default\">\n\t\t\t\t\t<div class=\"elementor-column elementor-col-50 elementor-top-column elementor-element elementor-element-36a4a66 imatge-fons\" data-id=\"36a4a66\" data-element_type=\"column\" data-settings=\"{&quot;background_background&quot;:&quot;classic&quot;}\">\n\t\t\t<div class=\"elementor-widget-wrap\">\n\t\t\t\t\t\t\t\t\t<\/div>\n\t\t<\/div>\n\t\t\t\t<div class=\"elementor-column elementor-col-50 elementor-top-column elementor-element elementor-element-8bf354d\" data-id=\"8bf354d\" data-element_type=\"column\">\n\t\t\t<div class=\"elementor-widget-wrap elementor-element-populated\">\n\t\t\t\t\t\t\t\t<div class=\"elementor-element elementor-element-97f34ec elementor-widget elementor-widget-text-editor\" data-id=\"97f34ec\" data-element_type=\"widget\" data-widget_type=\"text-editor.default\">\n\t\t\t\t<div class=\"elementor-widget-container\">\n\t\t\t<style>\/*! elementor - v3.17.0 - 08-11-2023 *\/\n.elementor-widget-text-editor.elementor-drop-cap-view-stacked .elementor-drop-cap{background-color:#69727d;color:#fff}.elementor-widget-text-editor.elementor-drop-cap-view-framed .elementor-drop-cap{color:#69727d;border:3px solid;background-color:transparent}.elementor-widget-text-editor:not(.elementor-drop-cap-view-default) .elementor-drop-cap{margin-top:8px}.elementor-widget-text-editor:not(.elementor-drop-cap-view-default) .elementor-drop-cap-letter{width:1em;height:1em}.elementor-widget-text-editor .elementor-drop-cap{float:left;text-align:center;line-height:1;font-size:50px}.elementor-widget-text-editor .elementor-drop-cap-letter{display:inline-block}<\/style>\t\t\t\t<p>Un <strong>mural expositor refrigerat<\/strong> per definici\u00f3 \u00e9s una m\u00e0quina de peu, oberta o amb portes, i molt \u00e0mplia, per poder <strong>exposar producte fresc<\/strong> i\/o fred i del que normalment es pot servir el propi client, i en qu\u00e8 podem adaptar el rang de temperatura segons el producte. Per\u00f2 dins aquesta categoria podem perfectament trobar <strong>expositors refrigerats<\/strong>, que podr\u00edem no incloure als murals. En general, un mural expositor \u00e9s el t\u00edpic que trobem als supermercats, que poden albergar una gran quantitat de producte amb una <strong>m\u00e0xima visibilitat<\/strong>, a m\u00e9s, tots guarden una mateixa l\u00ednia est\u00e8tica. En canvi, un expositor no disposar\u00e0 de l&#039;opci\u00f3 de <strong>rangs de temperatura segons el producte<\/strong> i generalment \u00e9s un armari que no es pot personalitzar, no disposa de tanta superf\u00edcie dexposici\u00f3, poden tenir rodes i s\u00f3n molt m\u00e9s compactes i lleugers que un mural.<\/p>\t\t\t\t\t\t<\/div>\n\t\t\t\t<\/div>\n\t\t\t\t\t<\/div>\n\t\t<\/div>\n\t\t\t\t\t\t\t<\/div>\n\t\t<\/section>\n\t\t\t\t<section class=\"elementor-section elementor-top-section elementor-element elementor-element-81efb78 elementor-section-boxed elementor-section-height-default elementor-section-height-default\" data-id=\"81efb78\" data-element_type=\"section\">\n\t\t\t\t\t\t<div class=\"elementor-container elementor-column-gap-default\">\n\t\t\t\t\t<div class=\"elementor-column elementor-col-50 elementor-top-column elementor-element elementor-element-13aa7ca\" data-id=\"13aa7ca\" data-element_type=\"column\">\n\t\t\t<div class=\"elementor-widget-wrap elementor-element-populated\">\n\t\t\t\t\t\t\t\t<div class=\"elementor-element elementor-element-e2e04e6 elementor-widget elementor-widget-text-editor\" data-id=\"e2e04e6\" data-element_type=\"widget\" data-widget_type=\"text-editor.default\">\n\t\t\t\t<div class=\"elementor-widget-container\">\n\t\t\t\t\t\t\t<p>Els fabricants de fred normalment ja indiquen a qu\u00e8 <strong>tipus de producte<\/strong> est\u00e0 destinat cada <strong>vitrina mural expositora<\/strong>. Cal diferenciar entre la temperatura del producte i la temperatura daplicaci\u00f3. El <strong>rang M1<\/strong> \u00e9s per a carns i treballa de 0\u00baC a +2\u00baC, el <strong>rang M2<\/strong> \u00e9s per a lactis i treballa de +2\u00baC a +4\u00baC, igual que el <strong>H1<\/strong>, per\u00f2 laplicaci\u00f3 \u00e9s a fruites i verdures. Els murals expositors poden tenir el <strong>motor incorporat oa dist\u00e0ncia<\/strong>. Els que s\u00f3n unitaris (que no fan un lineal) \u00e9s probable que el trobem amb el motor incorporat, en canvi, a <strong>grans instal\u00b7lacions<\/strong> com els lineals dels supermercats, emprenyen a tenir el motor a dist\u00e0ncia. <strong>Murals de congelaci\u00f3<\/strong> amb motor incorporat n&#039;hi ha pocs al mercat, en canvi, els models de conservaci\u00f3 amb les temperatures abans indicades s\u00ed que s\u00f3n m\u00e9s comuns individualment, i com veurem, tamb\u00e9 es poden unir per aconseguir un lineal m\u00e9s gran. Cada dia menys murals s\u00f3n oberts sense portes, la llei s&#039;est\u00e0 preparant perqu\u00e8 nom\u00e9s puguin ser amb portes, perqu\u00e8 l\u00f2gicament si \u00e9s obert costa molt mantenir la temperatura, el motor funciona constantment, i aix\u00f2 suposa un gran malbaratament energ\u00e8tic.<\/p>\t\t\t\t\t\t<\/div>\n\t\t\t\t<\/div>\n\t\t\t\t\t<\/div>\n\t\t<\/div>\n\t\t\t\t<div class=\"elementor-column elementor-col-50 elementor-top-column elementor-element elementor-element-c4037f6 imatge-fons\" data-id=\"c4037f6\" data-element_type=\"column\" data-settings=\"{&quot;background_background&quot;:&quot;classic&quot;}\">\n\t\t\t<div class=\"elementor-widget-wrap\">\n\t\t\t\t\t\t\t\t\t<\/div>\n\t\t<\/div>\n\t\t\t\t\t\t\t<\/div>\n\t\t<\/section>\n\t\t\t\t<section class=\"elementor-section elementor-top-section elementor-element elementor-element-b75375b elementor-section-boxed elementor-section-height-default elementor-section-height-default\" data-id=\"b75375b\" data-element_type=\"section\">\n\t\t\t\t\t\t<div class=\"elementor-container elementor-column-gap-default\">\n\t\t\t\t\t<div class=\"elementor-column elementor-col-50 elementor-top-column elementor-element elementor-element-c9f9239 imatge-fons\" data-id=\"c9f9239\" data-element_type=\"column\" data-settings=\"{&quot;background_background&quot;:&quot;classic&quot;}\">\n\t\t\t<div class=\"elementor-widget-wrap\">\n\t\t\t\t\t\t\t\t\t<\/div>\n\t\t<\/div>\n\t\t\t\t<div class=\"elementor-column elementor-col-50 elementor-top-column elementor-element elementor-element-79e7ca0\" data-id=\"79e7ca0\" data-element_type=\"column\">\n\t\t\t<div class=\"elementor-widget-wrap elementor-element-populated\">\n\t\t\t\t\t\t\t\t<div class=\"elementor-element elementor-element-649971a elementor-widget elementor-widget-text-editor\" data-id=\"649971a\" data-element_type=\"widget\" data-widget_type=\"text-editor.default\">\n\t\t\t\t<div class=\"elementor-widget-container\">\n\t\t\t\t\t\t\t<p>Les mesures dels <strong>murals expositors<\/strong> s\u00f3n en general for\u00e7a est\u00e0ndard, per\u00f2 sempre \u00e9s millor adquirir-los junts per tenir la mateixa l\u00ednia i els mateixos acabats. En general, el fons \u00e9s de 60, 70 o 85 cm, i l&#039;alt ronda els dos metres o una mica m\u00e9s, excepte els de <strong>autoservei<\/strong> de la zona de la carn, formatges, embotits, o sandvitxos, que tenen un alt de 1,30 o 1,50 cm, tenen portes i normalment es col\u00b7loquen als supermercats a manera d&#039;illa, de manera que s&#039;aprofita tot l&#039;espai de servei de les dues cares. Als <strong>murals oberts<\/strong>, sense portes, trobar\u00e0s normalment que tenen <strong>cortina nocturna<\/strong>, aix\u00f2 serveix per substituir les puertss i baixen a la nit, per perdre menys temperatura mentre el local no est\u00e0 obert. Pots unir gaireb\u00e9 tants murals com vulguis, despr\u00e9s es pot escollir el <strong>tipus de lateral<\/strong>: n&#039;hi ha de cecs, de vidre, acabats amb mirall per donar m\u00e9s sensaci\u00f3 d&#039;amplitud, etc. Com s\u00f3n m\u00e0quines espec\u00edfiques, els fabricants normalment ofereixen una <strong>personalitzaci\u00f3<\/strong> gaireb\u00e9 individualitzada: pots escollir el color interior, l&#039;exterior, si nom\u00e9s la personalitzaci\u00f3 del color de la franja o del frontal sencer, aix\u00ed com demanar barres de penjar, portapreus, <strong>il\u00b7luminaci\u00f3 LED<\/strong> a cada prestatge, etc. Les opcions s\u00f3n moltes, un cop et decideixis per un mural, val la penar fer l&#039;esfor\u00e7 de pagar els suplements perqu\u00e8 s&#039;adaptin tot el que es pugui al teu negoci.<\/p>\t\t\t\t\t\t<\/div>\n\t\t\t\t<\/div>\n\t\t\t\t\t<\/div>\n\t\t<\/div>\n\t\t\t\t\t\t\t<\/div>\n\t\t<\/section>\n\t\t\t\t<section class=\"elementor-section elementor-top-section elementor-element elementor-element-2e3cdfc elementor-section-boxed elementor-section-height-default elementor-section-height-default\" data-id=\"2e3cdfc\" data-element_type=\"section\">\n\t\t\t\t\t\t<div class=\"elementor-container elementor-column-gap-default\">\n\t\t\t\t\t<div class=\"elementor-column elementor-col-50 elementor-top-column elementor-element elementor-element-a2abaf1\" data-id=\"a2abaf1\" data-element_type=\"column\">\n\t\t\t<div class=\"elementor-widget-wrap elementor-element-populated\">\n\t\t\t\t\t\t\t\t<div class=\"elementor-element elementor-element-261956e elementor-widget elementor-widget-text-editor\" data-id=\"261956e\" data-element_type=\"widget\" data-widget_type=\"text-editor.default\">\n\t\t\t\t<div class=\"elementor-widget-container\">\n\t\t\t\t\t\t\t<p>Uns quants <strong>consells<\/strong> perqu\u00e8 encertis la teva elecci\u00f3 del mural. Per comen\u00e7ar, assegura&#039;t de la <strong>temperatura<\/strong> que necessitar\u00e0s, si combinar\u00e0s diferents productes, inclina&#039;t sempre per la temperatura m\u00e9s baixa. Encara que existeixen, si pots opta per un mural <strong>amb portes<\/strong>, en breu per llei nom\u00e9s es podran instal\u00b7lar aquests models. Si personalitzar\u00e0s el teu mural panelant-lo pels teus propis mitjans, recorda&#039;t de respectar la zona de la <strong>reixeta de respiraci\u00f3<\/strong> o es reescalfar\u00e0. Mira quines opcions ofereix el fabricant: per pocs diners de difer\u00e8ncia pots, per exemple, demanar <strong>il\u00b7luminaci\u00f3 LED<\/strong> als prestatges i millorar notablement la <strong>qualitat de l&#039;exposici\u00f3<\/strong>. Tot i que disposen normalment de desfet autom\u00e0tic, \u00e9s interessant col\u00b7locar un desgu\u00e0s per si falla el sistema d&#039;evaporaci\u00f3 autom\u00e0tica.<\/p><p>\u00a0<\/p>\t\t\t\t\t\t<\/div>\n\t\t\t\t<\/div>\n\t\t\t\t\t<\/div>\n\t\t<\/div>\n\t\t\t\t<div class=\"elementor-column elementor-col-50 elementor-top-column elementor-element elementor-element-44a4db8 imatge-fons\" data-id=\"44a4db8\" data-element_type=\"column\" data-settings=\"{&quot;background_background&quot;:&quot;classic&quot;}\">\n\t\t\t<div class=\"elementor-widget-wrap\">\n\t\t\t\t\t\t\t\t\t<\/div>\n\t\t<\/div>\n\t\t\t\t\t\t\t<\/div>\n\t\t<\/section>\n\t\t\t\t<section class=\"elementor-section elementor-top-section elementor-element elementor-element-326af4d elementor-section-boxed elementor-section-height-default elementor-section-height-default\" data-id=\"326af4d\" data-element_type=\"section\">\n\t\t\t\t\t\t<div class=\"elementor-container elementor-column-gap-default\">\n\t\t\t\t\t<div class=\"elementor-column elementor-col-100 elementor-top-column elementor-element elementor-element-0992b16\" data-id=\"0992b16\" data-element_type=\"column\">\n\t\t\t<div class=\"elementor-widget-wrap\">\n\t\t\t\t\t\t\t\t\t<\/div>\n\t\t<\/div>\n\t\t\t\t\t\t\t<\/div>\n\t\t<\/section>\n\t\t\t\t<section class=\"elementor-section elementor-top-section elementor-element elementor-element-b809143 elementor-section-boxed elementor-section-height-default elementor-section-height-default\" data-id=\"b809143\" data-element_type=\"section\">\n\t\t\t\t\t\t<div class=\"elementor-container elementor-column-gap-default\">\n\t\t\t\t\t<div class=\"elementor-column elementor-col-100 elementor-top-column elementor-element elementor-element-0bf697d\" data-id=\"0bf697d\" data-element_type=\"column\">\n\t\t\t<div class=\"elementor-widget-wrap elementor-element-populated\">\n\t\t\t\t\t\t\t\t<div class=\"elementor-element elementor-element-44188fe elementor-align-center elementor-widget elementor-widget-button\" data-id=\"44188fe\" data-element_type=\"widget\" data-widget_type=\"button.default\">\n\t\t\t\t<div class=\"elementor-widget-container\">\n\t\t\t\t\t<div class=\"elementor-button-wrapper\">\n\t\t\t<a class=\"elementor-button elementor-button-link elementor-size-sm\" href=\"https:\/\/www.tophosteleria.com\" target=\"_blank\" rel=\"noopener\">\n\t\t\t\t\t\t<span class=\"elementor-button-content-wrapper\">\n\t\t\t\t\t\t<span class=\"elementor-button-icon elementor-align-icon-left\">\n\t\t\t\t<i aria-hidden=\"true\" class=\"fas fa-external-link-alt\"><\/i>\t\t\t<\/span>\n\t\t\t\t\t\t<span class=\"elementor-button-text\">Veure tots <\/span>\n\t\t<\/span>\n\t\t\t\t\t<\/a>\n\t\t<\/div>\n\t\t\t\t<\/div>\n\t\t\t\t<\/div>\n\t\t\t\t\t<\/div>\n\t\t<\/div>\n\t\t\t\t\t\t\t<\/div>\n\t\t<\/section>\n\t\t\t\t\t\t\t<\/div>","protected":false},"excerpt":{"rendered":"<p>MURALES EXPOSITORES Un mural expositor refrigerado por definici\u00f3n es una m\u00e1quina de pie, abierta o con puertas, y muy amplia, para poder exponer producto fresco y\/o fr\u00edo y del que normalmente se puede servir el propio cliente, y en el que podemos adaptar el rango de temperatura seg\u00fan el producto. Pero dentro de esta categor\u00eda&hellip;&nbsp;<a href=\"https:\/\/www.tophosteleriaprojects.com\/ca\/maquinaria-fred-2\/murals-expositors\/\" class=\"\" rel=\"bookmark\">Llegiu m\u00e9s \u00bb<span class=\"screen-reader-text\">Murals expositors<\/span><\/a><\/p>","protected":false},"author":2,"featured_media":0,"parent":2252,"menu_order":0,"comment_status":"closed","ping_status":"closed","template":"","meta":{"neve_meta_sidebar":"","neve_meta_container":"","neve_meta_enable_content_width":"","neve_meta_content_width":0,"neve_meta_title_alignment":"","neve_meta_author_avatar":"","neve_post_elements_order":"","neve_meta_disable_header":"","neve_meta_disable_footer":"","neve_meta_disable_title":"","neve_meta_reading_time":"","footnotes":""},"_links":{"self":[{"href":"https:\/\/www.tophosteleriaprojects.com\/ca\/wp-json\/wp\/v2\/pages\/2345"}],"collection":[{"href":"https:\/\/www.tophosteleriaprojects.com\/ca\/wp-json\/wp\/v2\/pages"}],"about":[{"href":"https:\/\/www.tophosteleriaprojects.com\/ca\/wp-json\/wp\/v2\/types\/page"}],"author":[{"embeddable":true,"href":"https:\/\/www.tophosteleriaprojects.com\/ca\/wp-json\/wp\/v2\/users\/2"}],"replies":[{"embeddable":true,"href":"https:\/\/www.tophosteleriaprojects.com\/ca\/wp-json\/wp\/v2\/comments?post=2345"}],"version-history":[{"count":10,"href":"https:\/\/www.tophosteleriaprojects.com\/ca\/wp-json\/wp\/v2\/pages\/2345\/revisions"}],"predecessor-version":[{"id":2440,"href":"https:\/\/www.tophosteleriaprojects.com\/ca\/wp-json\/wp\/v2\/pages\/2345\/revisions\/2440"}],"up":[{"embeddable":true,"href":"https:\/\/www.tophosteleriaprojects.com\/ca\/wp-json\/wp\/v2\/pages\/2252"}],"wp:attachment":[{"href":"https:\/\/www.tophosteleriaprojects.com\/ca\/wp-json\/wp\/v2\/media?parent=2345"}],"curies":[{"name":"wp","href":"https:\/\/api.w.org\/{rel}","templated":true}]}}