{"id":6,"date":"2023-08-01T09:22:12","date_gmt":"2023-08-01T09:22:12","guid":{"rendered":"https:\/\/tophosteleria.seoagil.com\/?page_id=6"},"modified":"2023-10-16T15:45:20","modified_gmt":"2023-10-16T13:45:20","slug":"elementor-6","status":"publish","type":"page","link":"https:\/\/www.tophosteleriaprojects.com\/ca\/","title":{"rendered":"HOME"},"content":{"rendered":"<div data-elementor-type=\"wp-post\" data-elementor-id=\"6\" class=\"elementor elementor-6\" data-elementor-post-type=\"page\">\n\t\t\t\t\t\t\t\t\t<section class=\"elementor-section elementor-top-section elementor-element elementor-element-3aa0680 elementor-section-full_width elementor-section-stretched elementor-section-height-default elementor-section-height-default\" data-id=\"3aa0680\" data-element_type=\"section\" data-settings=\"{&quot;stretch_section&quot;:&quot;section-stretched&quot;}\">\n\t\t\t\t\t\t<div class=\"elementor-container elementor-column-gap-no\">\n\t\t\t\t\t<div class=\"elementor-column elementor-col-100 elementor-top-column elementor-element elementor-element-7e3789e\" data-id=\"7e3789e\" data-element_type=\"column\">\n\t\t\t<div class=\"elementor-widget-wrap elementor-element-populated\">\n\t\t\t\t\t\t\t\t<div class=\"elementor-element elementor-element-45564b1 elementor-pagination-position-outside elementor--h-position-center elementor--v-position-middle elementor-widget elementor-widget-slides\" data-id=\"45564b1\" data-element_type=\"widget\" data-settings=\"{&quot;navigation&quot;:&quot;dots&quot;,&quot;autoplay&quot;:&quot;yes&quot;,&quot;pause_on_hover&quot;:&quot;yes&quot;,&quot;pause_on_interaction&quot;:&quot;yes&quot;,&quot;autoplay_speed&quot;:5000,&quot;infinite&quot;:&quot;yes&quot;,&quot;transition&quot;:&quot;slide&quot;,&quot;transition_speed&quot;:500}\" data-widget_type=\"slides.default\">\n\t\t\t\t<div class=\"elementor-widget-container\">\n\t\t\t<style>\/*! elementor-pro - v3.16.0 - 20-09-2023 *\/\n.elementor-slides .swiper-slide-bg{background-size:cover;background-position:50%;background-repeat:no-repeat;min-width:100%;min-height:100%}.elementor-slides .swiper-slide-inner{background-repeat:no-repeat;background-position:50%;position:absolute;top:0;left:0;bottom:0;right:0;padding:50px;margin:auto}.elementor-slides .swiper-slide-inner,.elementor-slides .swiper-slide-inner:hover{color:#fff;display:flex}.elementor-slides .swiper-slide-inner .elementor-background-overlay{position:absolute;z-index:0;top:0;bottom:0;left:0;right:0}.elementor-slides .swiper-slide-inner .elementor-slide-content{position:relative;z-index:1;width:100%}.elementor-slides .swiper-slide-inner .elementor-slide-heading{font-size:35px;font-weight:700;line-height:1}.elementor-slides .swiper-slide-inner .elementor-slide-description{font-size:17px;line-height:1.4}.elementor-slides .swiper-slide-inner .elementor-slide-description:not(:last-child),.elementor-slides .swiper-slide-inner .elementor-slide-heading:not(:last-child){margin-bottom:30px}.elementor-slides .swiper-slide-inner .elementor-slide-button{border:2px solid #fff;color:#fff;background:transparent;display:inline-block}.elementor-slides .swiper-slide-inner .elementor-slide-button,.elementor-slides .swiper-slide-inner .elementor-slide-button:hover{background:transparent;color:inherit;text-decoration:none}.elementor--v-position-top .swiper-slide-inner{align-items:flex-start}.elementor--v-position-bottom .swiper-slide-inner{align-items:flex-end}.elementor--v-position-middle .swiper-slide-inner{align-items:center}.elementor--h-position-left .swiper-slide-inner{justify-content:flex-start}.elementor--h-position-right .swiper-slide-inner{justify-content:flex-end}.elementor--h-position-center .swiper-slide-inner{justify-content:center}body.rtl .elementor-widget-slides .elementor-swiper-button-next{left:10px;right:auto}body.rtl .elementor-widget-slides .elementor-swiper-button-prev{right:10px;left:auto}.elementor-slides-wrapper div:not(.swiper-slide)>.swiper-slide-inner{display:none}@media (max-width:767px){.elementor-slides .swiper-slide-inner{padding:30px}.elementor-slides .swiper-slide-inner .elementor-slide-heading{font-size:23px;line-height:1;margin-bottom:15px}.elementor-slides .swiper-slide-inner .elementor-slide-description{font-size:13px;line-height:1.4;margin-bottom:15px}}<\/style>\t\t<div class=\"elementor-swiper\">\n\t\t\t<div class=\"elementor-slides-wrapper elementor-main-swiper swiper\" dir=\"ltr\" data-animation=\"fadeInUp\">\n\t\t\t\t<div class=\"swiper-wrapper elementor-slides\">\n\t\t\t\t\t\t\t\t\t\t<div class=\"elementor-repeater-item-04af710 swiper-slide\"><div class=\"swiper-slide-bg\" role=\"img\"><\/div><div class=\"swiper-slide-inner\" ><div class=\"swiper-slide-contents\"><\/div><\/div><\/div><div class=\"elementor-repeater-item-235e0e7 swiper-slide\"><div class=\"swiper-slide-bg\" role=\"img\"><\/div><div class=\"swiper-slide-inner\" ><div class=\"swiper-slide-contents\"><\/div><\/div><\/div><div class=\"elementor-repeater-item-326f681 swiper-slide\"><div class=\"swiper-slide-bg\" role=\"img\"><\/div><div class=\"swiper-slide-inner\" ><div class=\"swiper-slide-contents\"><\/div><\/div><\/div><div class=\"elementor-repeater-item-6a89c28 swiper-slide\"><div class=\"swiper-slide-bg\" role=\"img\"><\/div><div class=\"swiper-slide-inner\" ><div class=\"swiper-slide-contents\"><\/div><\/div><\/div><div class=\"elementor-repeater-item-d32aa48 swiper-slide\"><div class=\"swiper-slide-bg\" role=\"img\"><\/div><div class=\"swiper-slide-inner\" ><div class=\"swiper-slide-contents\"><\/div><\/div><\/div>\t\t\t\t<\/div>\n\t\t\t\t\t\t\t\t\t\t\t\t\t\t\t<div class=\"swiper-pagination\"><\/div>\n\t\t\t\t\t\t\t\t\t\t\t\t\t\t\t\t\t<\/div>\n\t\t<\/div>\n\t\t\t\t<\/div>\n\t\t\t\t<\/div>\n\t\t\t\t\t<\/div>\n\t\t<\/div>\n\t\t\t\t\t\t\t<\/div>\n\t\t<\/section>\n\t\t\t\t<section class=\"elementor-section elementor-top-section elementor-element elementor-element-30cb438 elementor-section-boxed elementor-section-height-default elementor-section-height-default\" data-id=\"30cb438\" data-element_type=\"section\">\n\t\t\t\t\t\t<div class=\"elementor-container elementor-column-gap-default\">\n\t\t\t\t\t<div class=\"elementor-column elementor-col-100 elementor-top-column elementor-element elementor-element-b0f3d0b\" data-id=\"b0f3d0b\" data-element_type=\"column\">\n\t\t\t<div class=\"elementor-widget-wrap elementor-element-populated\">\n\t\t\t\t\t\t\t\t<div class=\"elementor-element elementor-element-fcced66 elementor-widget elementor-widget-heading\" data-id=\"fcced66\" data-element_type=\"widget\" data-widget_type=\"heading.default\">\n\t\t\t\t<div class=\"elementor-widget-container\">\n\t\t\t<style>\/*! elementor - v3.17.0 - 08-11-2023 *\/\n.elementor-heading-title{padding:0;margin:0;line-height:1}.elementor-widget-heading .elementor-heading-title[class*=elementor-size-]>a{color:inherit;font-size:inherit;line-height:inherit}.elementor-widget-heading .elementor-heading-title.elementor-size-small{font-size:15px}.elementor-widget-heading .elementor-heading-title.elementor-size-medium{font-size:19px}.elementor-widget-heading .elementor-heading-title.elementor-size-large{font-size:29px}.elementor-widget-heading .elementor-heading-title.elementor-size-xl{font-size:39px}.elementor-widget-heading .elementor-heading-title.elementor-size-xxl{font-size:59px}<\/style><h1 class=\"elementor-heading-title elementor-size-default\">TOPHOSTELERIA <span style=\"color:#c1c1c1\">PROJECTS<\/span><\/h1>\t\t<\/div>\n\t\t\t\t<\/div>\n\t\t\t\t<div class=\"elementor-element elementor-element-cf309b8 elementor-widget elementor-widget-text-editor\" data-id=\"cf309b8\" data-element_type=\"widget\" data-widget_type=\"text-editor.default\">\n\t\t\t\t<div class=\"elementor-widget-container\">\n\t\t\t<style>\/*! elementor - v3.17.0 - 08-11-2023 *\/\n.elementor-widget-text-editor.elementor-drop-cap-view-stacked .elementor-drop-cap{background-color:#69727d;color:#fff}.elementor-widget-text-editor.elementor-drop-cap-view-framed .elementor-drop-cap{color:#69727d;border:3px solid;background-color:transparent}.elementor-widget-text-editor:not(.elementor-drop-cap-view-default) .elementor-drop-cap{margin-top:8px}.elementor-widget-text-editor:not(.elementor-drop-cap-view-default) .elementor-drop-cap-letter{width:1em;height:1em}.elementor-widget-text-editor .elementor-drop-cap{float:left;text-align:center;line-height:1;font-size:50px}.elementor-widget-text-editor .elementor-drop-cap-letter{display:inline-block}<\/style>\t\t\t\t<p class=\"p1\">Aquest espai neix de la idea de poder-te dotar de la informaci\u00f3 i eines perqu\u00e8 descobreixis com equipar el teu negoci d&#039;hostaleria adequadament. Aqu\u00ed no trobar\u00e0s res per comprar, no hi ha carret, ni passarel\u00b7la de pagament ni preus, \u00e9s nom\u00e9s informaci\u00f3<span class=\"Apple-converted-space\">\u00a0 <\/span>de valor sobre maquin\u00e0ria d&#039;hostaleria i el que has de tenir present a l&#039;hora d&#039;escollir l&#039;equipament d&#039;hostaleria que realment solucionar\u00e0 les necessitats del dia a dia al teu restaurant, obrador, o qualsevol negoci que et puguis plantejar.<\/p>\t\t\t\t\t\t<\/div>\n\t\t\t\t<\/div>\n\t\t\t\t\t<\/div>\n\t\t<\/div>\n\t\t\t\t\t\t\t<\/div>\n\t\t<\/section>\n\t\t\t\t<section class=\"elementor-section elementor-top-section elementor-element elementor-element-552dd68 elementor-section-boxed elementor-section-height-default elementor-section-height-default\" data-id=\"552dd68\" data-element_type=\"section\">\n\t\t\t\t\t\t<div class=\"elementor-container elementor-column-gap-default\">\n\t\t\t\t\t<div class=\"elementor-column elementor-col-25 elementor-top-column elementor-element elementor-element-1922eb0\" data-id=\"1922eb0\" data-element_type=\"column\">\n\t\t\t<div class=\"elementor-widget-wrap elementor-element-populated\">\n\t\t\t\t\t\t\t\t<div class=\"elementor-element elementor-element-627bade elementor-widget elementor-widget-neve_banner\" data-id=\"627bade\" data-element_type=\"widget\" data-widget_type=\"neve_banner.default\">\n\t\t\t\t<div class=\"elementor-widget-container\">\n\t\t\t<div class=\"neb-banner\" id=\"neb-banner-627bade\"><div class=\"neb-banner-ib neb-banner-animation13 zoomin neb-banner-min-height\"><img decoding=\"async\" class=\"neb-banner-ib-img\" alt=\"PORTADA CALOR\" src=\"https:\/\/www.tophosteleriaprojects.com\/wp-content\/uploads\/2023\/10\/PORTADA-CALOR-1.jpg\"><div class=\"neb-banner-ib-desc\"><h3 class=\"neb-banner-ib-title ult-responsive neb-banner-title\"><div >Calor<\/div><\/h3><div class=\"neb-banner-ib-content neb-banner-content\"><div ><p>MAQUIN\u00c0RIA DE CALOR I COCCI\u00d3\u00a0<\/p><\/div><\/div><\/div><a class=\"neb-banner-ib-link\" href=\"https:\/\/www.tophosteleriaprojects.com\/ca\/maquinaria-calor\/\" title=\"\"  ><\/a><\/div><\/div>\t\t<\/div>\n\t\t\t\t<\/div>\n\t\t\t\t\t<\/div>\n\t\t<\/div>\n\t\t\t\t<div class=\"elementor-column elementor-col-25 elementor-top-column elementor-element elementor-element-63ee63c\" data-id=\"63ee63c\" data-element_type=\"column\">\n\t\t\t<div class=\"elementor-widget-wrap elementor-element-populated\">\n\t\t\t\t\t\t\t\t<div class=\"elementor-element elementor-element-baf7554 elementor-widget elementor-widget-neve_banner\" data-id=\"baf7554\" data-element_type=\"widget\" data-widget_type=\"neve_banner.default\">\n\t\t\t\t<div class=\"elementor-widget-container\">\n\t\t\t<div class=\"neb-banner\" id=\"neb-banner-baf7554\"><div class=\"neb-banner-ib neb-banner-animation13 zoomin neb-banner-min-height\"><img decoding=\"async\" class=\"neb-banner-ib-img\" alt=\"fruits\" src=\"https:\/\/www.tophosteleriaprojects.com\/wp-content\/uploads\/2023\/08\/fruits.jpg\"><div class=\"neb-banner-ib-desc\"><h3 class=\"neb-banner-ib-title ult-responsive neb-banner-title\"><div >Fred<\/div><\/h3><div class=\"neb-banner-ib-content neb-banner-content\"><div ><p>MAQUIN\u00c0RIA DE FRED<\/p><\/div><\/div><\/div><a class=\"neb-banner-ib-link\" href=\"https:\/\/www.tophosteleriaprojects.com\/ca\/maquinaria-fred\/\" title=\"\"  ><\/a><\/div><\/div>\t\t<\/div>\n\t\t\t\t<\/div>\n\t\t\t\t\t<\/div>\n\t\t<\/div>\n\t\t\t\t<div class=\"elementor-column elementor-col-25 elementor-top-column elementor-element elementor-element-3f37283\" data-id=\"3f37283\" data-element_type=\"column\">\n\t\t\t<div class=\"elementor-widget-wrap elementor-element-populated\">\n\t\t\t\t\t\t\t\t<div class=\"elementor-element elementor-element-24247ea elementor-widget elementor-widget-neve_banner\" data-id=\"24247ea\" data-element_type=\"widget\" data-widget_type=\"neve_banner.default\">\n\t\t\t\t<div class=\"elementor-widget-container\">\n\t\t\t<div class=\"neb-banner\" id=\"neb-banner-24247ea\"><div class=\"neb-banner-ib neb-banner-animation13 zoomin neb-banner-min-height\"><img decoding=\"async\" class=\"neb-banner-ib-img\" alt=\"PORTADA MAQUIN\u00c0RIA AUXILIAR M\" src=\"https:\/\/www.tophosteleriaprojects.com\/wp-content\/uploads\/2023\/10\/PORTADA-MAQUINARIA-AUXILIAR-M.jpg\"><div class=\"neb-banner-ib-desc\"><h3 class=\"neb-banner-ib-title ult-responsive neb-banner-title\"><div >Auxiliar<\/div><\/h3><div class=\"neb-banner-ib-content neb-banner-content\"><div ><p>MAQUIN\u00c0RIA AUXILIAR I PREPARACI\u00d3 DIN\u00c0MICA<\/p><\/div><\/div><\/div><a class=\"neb-banner-ib-link\" href=\"https:\/\/www.tophosteleriaprojects.com\/ca\/maquinaria-auxiliar\/\" title=\"\"  ><\/a><\/div><\/div>\t\t<\/div>\n\t\t\t\t<\/div>\n\t\t\t\t\t<\/div>\n\t\t<\/div>\n\t\t\t\t<div class=\"elementor-column elementor-col-25 elementor-top-column elementor-element elementor-element-8071ec2\" data-id=\"8071ec2\" data-element_type=\"column\">\n\t\t\t<div class=\"elementor-widget-wrap elementor-element-populated\">\n\t\t\t\t\t\t\t\t<div class=\"elementor-element elementor-element-948894e elementor-widget elementor-widget-neve_banner\" data-id=\"948894e\" data-element_type=\"widget\" data-widget_type=\"neve_banner.default\">\n\t\t\t\t<div class=\"elementor-widget-container\">\n\t\t\t<div class=\"neb-banner\" id=\"neb-banner-948894e\"><div class=\"neb-banner-ib neb-banner-animation13 zoomin neb-banner-min-height\"><img decoding=\"async\" class=\"neb-banner-ib-img\" alt=\"forns\" src=\"https:\/\/www.tophosteleriaprojects.com\/wp-content\/uploads\/2023\/08\/hornos-1.jpg\"><div class=\"neb-banner-ib-desc\"><h3 class=\"neb-banner-ib-title ult-responsive neb-banner-title\"><div >Forns<\/div><\/h3><div class=\"neb-banner-ib-content neb-banner-content\"><div ><p>FORNS INDUSTRIALS, PROFESSIONALS, DE PIZZA, BRASA I MIXTES<\/p><\/div><\/div><\/div><a class=\"neb-banner-ib-link\" href=\"https:\/\/www.tophosteleriaprojects.com\/ca\/maquinaria-forns\/\" title=\"\"  ><\/a><\/div><\/div>\t\t<\/div>\n\t\t\t\t<\/div>\n\t\t\t\t\t<\/div>\n\t\t<\/div>\n\t\t\t\t\t\t\t<\/div>\n\t\t<\/section>\n\t\t\t\t<section class=\"elementor-section elementor-top-section elementor-element elementor-element-b6f7ce7 elementor-section-full_width elementor-section-stretched elementor-section-height-default elementor-section-height-default\" data-id=\"b6f7ce7\" data-element_type=\"section\" data-settings=\"{&quot;stretch_section&quot;:&quot;section-stretched&quot;,&quot;background_background&quot;:&quot;classic&quot;}\">\n\t\t\t\t\t\t<div class=\"elementor-container elementor-column-gap-default\">\n\t\t\t\t\t<div class=\"elementor-column elementor-col-100 elementor-top-column elementor-element elementor-element-dcb3ddc\" data-id=\"dcb3ddc\" data-element_type=\"column\">\n\t\t\t<div class=\"elementor-widget-wrap elementor-element-populated\">\n\t\t\t\t\t\t\t\t<div class=\"elementor-element elementor-element-94fef9b elementor-widget elementor-widget-heading\" data-id=\"94fef9b\" data-element_type=\"widget\" data-widget_type=\"heading.default\">\n\t\t\t\t<div class=\"elementor-widget-container\">\n\t\t\t<h2 class=\"elementor-heading-title elementor-size-default\">TOPHOSTELERIA <span style=\"color:#c1c1c1\">Projects<\/span><\/h2>\t\t<\/div>\n\t\t\t\t<\/div>\n\t\t\t\t<section class=\"elementor-section elementor-inner-section elementor-element elementor-element-8286c20 elementor-section-boxed elementor-section-height-default elementor-section-height-default\" data-id=\"8286c20\" data-element_type=\"section\">\n\t\t\t\t\t\t<div class=\"elementor-container elementor-column-gap-default\">\n\t\t\t\t\t<div class=\"elementor-column elementor-col-100 elementor-inner-column elementor-element elementor-element-429db7a\" data-id=\"429db7a\" data-element_type=\"column\">\n\t\t\t<div class=\"elementor-widget-wrap elementor-element-populated\">\n\t\t\t\t\t\t\t\t<div class=\"elementor-element elementor-element-54df69f elementor-widget elementor-widget-text-editor\" data-id=\"54df69f\" data-element_type=\"widget\" data-widget_type=\"text-editor.default\">\n\t\t\t\t<div class=\"elementor-widget-container\">\n\t\t\t\t\t\t\t<p class=\"p1\">Si tens qualsevol dubte quant a execuci\u00f3, posa&#039;t en contacte amb nosaltres. Si vols veure a m\u00e9s de fabricants i marques, preus, visita Tophosteleria.com. I si nom\u00e9s vols informaci\u00f3, simplement llegeix, investiga, pregunta, compara, informa&#039;t. Aix\u00f2 \u00e9s per a tu, nom\u00e9s per donar-te un cop de m\u00e0 en el projecte que ja funciona o en el projecte que posar\u00e0s en marxa.<\/p>\t\t\t\t\t\t<\/div>\n\t\t\t\t<\/div>\n\t\t\t\t\t<\/div>\n\t\t<\/div>\n\t\t\t\t\t\t\t<\/div>\n\t\t<\/section>\n\t\t\t\t\t<\/div>\n\t\t<\/div>\n\t\t\t\t\t\t\t<\/div>\n\t\t<\/section>\n\t\t\t\t<section class=\"elementor-section elementor-top-section elementor-element elementor-element-8e52f3c elementor-section-boxed elementor-section-height-default elementor-section-height-default\" data-id=\"8e52f3c\" data-element_type=\"section\">\n\t\t\t\t\t\t<div class=\"elementor-container elementor-column-gap-default\">\n\t\t\t\t\t<div class=\"elementor-column elementor-col-100 elementor-top-column elementor-element elementor-element-46217f3\" data-id=\"46217f3\" data-element_type=\"column\">\n\t\t\t<div class=\"elementor-widget-wrap elementor-element-populated\">\n\t\t\t\t\t\t\t\t<div class=\"elementor-element elementor-element-aeccee9 elementor-pagination-position-outside elementor-widget elementor-widget-image-carousel\" data-id=\"aeccee9\" data-element_type=\"widget\" data-settings=\"{&quot;slides_to_show&quot;:&quot;5&quot;,&quot;navigation&quot;:&quot;dots&quot;,&quot;autoplay&quot;:&quot;yes&quot;,&quot;pause_on_hover&quot;:&quot;yes&quot;,&quot;pause_on_interaction&quot;:&quot;yes&quot;,&quot;autoplay_speed&quot;:5000,&quot;infinite&quot;:&quot;yes&quot;,&quot;speed&quot;:500,&quot;image_spacing_custom&quot;:{&quot;unit&quot;:&quot;px&quot;,&quot;size&quot;:20,&quot;sizes&quot;:[]},&quot;image_spacing_custom_tablet&quot;:{&quot;unit&quot;:&quot;px&quot;,&quot;size&quot;:&quot;&quot;,&quot;sizes&quot;:[]},&quot;image_spacing_custom_mobile&quot;:{&quot;unit&quot;:&quot;px&quot;,&quot;size&quot;:&quot;&quot;,&quot;sizes&quot;:[]}}\" data-widget_type=\"image-carousel.default\">\n\t\t\t\t<div class=\"elementor-widget-container\">\n\t\t\t<style>\/*! elementor - v3.17.0 - 08-11-2023 *\/\n.elementor-widget-image-carousel .swiper,.elementor-widget-image-carousel .swiper-container{position:static}.elementor-widget-image-carousel .swiper-container .swiper-slide figure,.elementor-widget-image-carousel .swiper .swiper-slide figure{line-height:inherit}.elementor-widget-image-carousel .swiper-slide{text-align:center}.elementor-image-carousel-wrapper:not(.swiper-container-initialized):not(.swiper-initialized) .swiper-slide{max-width:calc(100% \/ var(--e-image-carousel-slides-to-show, 3))}<\/style>\t\t<div class=\"elementor-image-carousel-wrapper swiper\" dir=\"ltr\">\n\t\t\t<div class=\"elementor-image-carousel swiper-wrapper\" aria-live=\"off\">\n\t\t\t\t\t\t\t\t<div class=\"swiper-slide\" role=\"group\" aria-roledescription=\"slide\" aria-label=\"1 de 5\"><figure class=\"swiper-slide-inner\"><img decoding=\"async\" class=\"swiper-slide-image\" src=\"https:\/\/www.tophosteleriaprojects.com\/wp-content\/uploads\/2023\/08\/josper-logo.jpg\" alt=\"josper logo\" \/><\/figure><\/div><div class=\"swiper-slide\" role=\"group\" aria-roledescription=\"slide\" aria-label=\"2 de 5\"><figure class=\"swiper-slide-inner\"><img decoding=\"async\" class=\"swiper-slide-image\" src=\"https:\/\/www.tophosteleriaprojects.com\/wp-content\/uploads\/2023\/08\/fm_industrial_logo.jpg\" alt=\"fm_industrial_logo\" \/><\/figure><\/div><div class=\"swiper-slide\" role=\"group\" aria-roledescription=\"slide\" aria-label=\"3 de 5\"><figure class=\"swiper-slide-inner\"><img decoding=\"async\" class=\"swiper-slide-image\" src=\"https:\/\/www.tophosteleriaprojects.com\/wp-content\/uploads\/2023\/08\/campeona_logo.jpg\" alt=\"campiona_logo\" \/><\/figure><\/div><div class=\"swiper-slide\" role=\"group\" aria-roledescription=\"slide\" aria-label=\"4 de 5\"><figure class=\"swiper-slide-inner\"><img decoding=\"async\" class=\"swiper-slide-image\" src=\"https:\/\/www.tophosteleriaprojects.com\/wp-content\/uploads\/2023\/08\/afinox_logo.png\" alt=\"afinox_logo\" \/><\/figure><\/div><div class=\"swiper-slide\" role=\"group\" aria-roledescription=\"slide\" aria-label=\"5 de 5\"><figure class=\"swiper-slide-inner\"><img decoding=\"async\" class=\"swiper-slide-image\" src=\"https:\/\/www.tophosteleriaprojects.com\/wp-content\/uploads\/2023\/08\/bertos_logo.jpg\" alt=\"bertos_logo\" \/><\/figure><\/div>\t\t\t<\/div>\n\t\t\t\t\t\t\t\n\t\t\t\t\t\t\t\t\t<div class=\"swiper-pagination\"><\/div>\n\t\t\t\t\t\t\t\t\t<\/div>\n\t\t\t\t<\/div>\n\t\t\t\t<\/div>\n\t\t\t\t\t<\/div>\n\t\t<\/div>\n\t\t\t\t\t\t\t<\/div>\n\t\t<\/section>\n\t\t\t\t<section class=\"elementor-section elementor-top-section elementor-element elementor-element-c7ea350 elementor-section-full_width elementor-section-stretched elementor-section-height-default elementor-section-height-default\" data-id=\"c7ea350\" data-element_type=\"section\" data-settings=\"{&quot;stretch_section&quot;:&quot;section-stretched&quot;,&quot;background_background&quot;:&quot;classic&quot;}\">\n\t\t\t\t\t\t<div class=\"elementor-container elementor-column-gap-default\">\n\t\t\t\t\t<div class=\"elementor-column elementor-col-100 elementor-top-column elementor-element elementor-element-782e7b4\" data-id=\"782e7b4\" data-element_type=\"column\">\n\t\t\t<div class=\"elementor-widget-wrap elementor-element-populated\">\n\t\t\t\t\t\t\t\t<section class=\"elementor-section elementor-inner-section elementor-element elementor-element-279c90e elementor-section-boxed elementor-section-height-default elementor-section-height-default\" data-id=\"279c90e\" data-element_type=\"section\">\n\t\t\t\t\t\t<div class=\"elementor-container elementor-column-gap-default\">\n\t\t\t\t\t<div class=\"elementor-column elementor-col-100 elementor-inner-column elementor-element elementor-element-6fc27a2\" data-id=\"6fc27a2\" data-element_type=\"column\">\n\t\t\t<div class=\"elementor-widget-wrap elementor-element-populated\">\n\t\t\t\t\t\t\t\t<div class=\"elementor-element elementor-element-6361ae3 elementor-widget__width-auto descargar elementor-widget elementor-widget-text-editor\" data-id=\"6361ae3\" data-element_type=\"widget\" data-widget_type=\"text-editor.default\">\n\t\t\t\t<div class=\"elementor-widget-container\">\n\t\t\t\t\t\t\t<p><img decoding=\"async\" loading=\"lazy\" class=\"size-full wp-image-486 alignleft\" src=\"https:\/\/www.tophosteleriaprojects.com\/wp-content\/uploads\/2023\/08\/catalogg-icon.png\" alt=\"\" width=\"42\" height=\"48\" \/><strong>MAQUIN\u00c0RIA D&#039;HOSTALERIA<\/strong> GUIA COMPLETA<\/p>\t\t\t\t\t\t<\/div>\n\t\t\t\t<\/div>\n\t\t\t\t<div class=\"elementor-element elementor-element-acc802e elementor-widget__width-auto elementor-widget elementor-widget-button\" data-id=\"acc802e\" data-element_type=\"widget\" data-widget_type=\"button.default\">\n\t\t\t\t<div class=\"elementor-widget-container\">\n\t\t\t\t\t<div class=\"elementor-button-wrapper\">\n\t\t\t<a class=\"elementor-button elementor-button-link elementor-size-sm\" href=\"https:\/\/mkt.tophosteleria.com\/guia-tophosteleria\" target=\"_blank\" rel=\"noopener\">\n\t\t\t\t\t\t<span class=\"elementor-button-content-wrapper\">\n\t\t\t\t\t\t<span class=\"elementor-button-text\">DESCARREGAR<\/span>\n\t\t<\/span>\n\t\t\t\t\t<\/a>\n\t\t<\/div>\n\t\t\t\t<\/div>\n\t\t\t\t<\/div>\n\t\t\t\t\t<\/div>\n\t\t<\/div>\n\t\t\t\t\t\t\t<\/div>\n\t\t<\/section>\n\t\t\t\t\t<\/div>\n\t\t<\/div>\n\t\t\t\t\t\t\t<\/div>\n\t\t<\/section>\n\t\t\t\t\t\t\t<\/div>","protected":false},"excerpt":{"rendered":"<p>TOPHOSTELERIA PROJECTS Este espacio nace de la idea de poder dotarte de la informaci\u00f3n y herramientas para que descubras como equipar tu negocio de hosteler\u00eda adecuadamente. Aqu\u00ed no vas a encontrar nada para comprar, no hay carrito, ni pasarela de pago ni precios, es solo informaci\u00f3n\u00a0 de valor sobre maquinaria de hosteler\u00eda y lo que&hellip;&nbsp;<a href=\"https:\/\/www.tophosteleriaprojects.com\/ca\/\" class=\"\" rel=\"bookmark\">Llegiu m\u00e9s \u00bb<span class=\"screen-reader-text\">HOME<\/span><\/a><\/p>","protected":false},"author":1,"featured_media":0,"parent":0,"menu_order":0,"comment_status":"closed","ping_status":"closed","template":"","meta":{"neve_meta_sidebar":"","neve_meta_container":"","neve_meta_enable_content_width":"","neve_meta_content_width":0,"neve_meta_title_alignment":"","neve_meta_author_avatar":"","neve_post_elements_order":"","neve_meta_disable_header":"","neve_meta_disable_footer":"","neve_meta_disable_title":"","neve_meta_reading_time":"","footnotes":""},"_links":{"self":[{"href":"https:\/\/www.tophosteleriaprojects.com\/ca\/wp-json\/wp\/v2\/pages\/6"}],"collection":[{"href":"https:\/\/www.tophosteleriaprojects.com\/ca\/wp-json\/wp\/v2\/pages"}],"about":[{"href":"https:\/\/www.tophosteleriaprojects.com\/ca\/wp-json\/wp\/v2\/types\/page"}],"author":[{"embeddable":true,"href":"https:\/\/www.tophosteleriaprojects.com\/ca\/wp-json\/wp\/v2\/users\/1"}],"replies":[{"embeddable":true,"href":"https:\/\/www.tophosteleriaprojects.com\/ca\/wp-json\/wp\/v2\/comments?post=6"}],"version-history":[{"count":86,"href":"https:\/\/www.tophosteleriaprojects.com\/ca\/wp-json\/wp\/v2\/pages\/6\/revisions"}],"predecessor-version":[{"id":2112,"href":"https:\/\/www.tophosteleriaprojects.com\/ca\/wp-json\/wp\/v2\/pages\/6\/revisions\/2112"}],"wp:attachment":[{"href":"https:\/\/www.tophosteleriaprojects.com\/ca\/wp-json\/wp\/v2\/media?parent=6"}],"curies":[{"name":"wp","href":"https:\/\/api.w.org\/{rel}","templated":true}]}}