{"id":806,"date":"2023-08-14T11:34:01","date_gmt":"2023-08-14T09:34:01","guid":{"rendered":"https:\/\/tophosteleria.seoagil.com\/?page_id=806"},"modified":"2023-08-18T10:26:15","modified_gmt":"2023-08-18T08:26:15","slug":"aviso-legal-y-politica-de-privacidad","status":"publish","type":"page","link":"https:\/\/www.tophosteleriaprojects.com\/ca\/avis-legal-i-politica-de-privadesa\/","title":{"rendered":"AV\u00cdS LEGAL I POL\u00cdTICA DE PRIVACITAT"},"content":{"rendered":"<div data-elementor-type=\"wp-post\" data-elementor-id=\"806\" class=\"elementor elementor-806\" data-elementor-post-type=\"page\">\n\t\t\t\t\t\t\t\t\t<section class=\"elementor-section elementor-top-section elementor-element elementor-element-55048ce elementor-section-boxed elementor-section-height-default elementor-section-height-default\" data-id=\"55048ce\" data-element_type=\"section\">\n\t\t\t\t\t\t<div class=\"elementor-container elementor-column-gap-default\">\n\t\t\t\t\t<div class=\"elementor-column elementor-col-100 elementor-top-column elementor-element elementor-element-98a9b76\" data-id=\"98a9b76\" data-element_type=\"column\">\n\t\t\t<div class=\"elementor-widget-wrap elementor-element-populated\">\n\t\t\t\t\t\t\t\t<div class=\"elementor-element elementor-element-46fbd0c elementor-widget elementor-widget-heading\" data-id=\"46fbd0c\" data-element_type=\"widget\" data-widget_type=\"heading.default\">\n\t\t\t\t<div class=\"elementor-widget-container\">\n\t\t\t<style>\/*! elementor - v3.17.0 - 08-11-2023 *\/\n.elementor-heading-title{padding:0;margin:0;line-height:1}.elementor-widget-heading .elementor-heading-title[class*=elementor-size-]>a{color:inherit;font-size:inherit;line-height:inherit}.elementor-widget-heading .elementor-heading-title.elementor-size-small{font-size:15px}.elementor-widget-heading .elementor-heading-title.elementor-size-medium{font-size:19px}.elementor-widget-heading .elementor-heading-title.elementor-size-large{font-size:29px}.elementor-widget-heading .elementor-heading-title.elementor-size-xl{font-size:39px}.elementor-widget-heading .elementor-heading-title.elementor-size-xxl{font-size:59px}<\/style><h2 class=\"elementor-heading-title elementor-size-default\">AV\u00cdS LEGAL I POL\u00cdTICA DE PRIVACITAT<\/h2>\t\t<\/div>\n\t\t\t\t<\/div>\n\t\t\t\t\t<\/div>\n\t\t<\/div>\n\t\t\t\t\t\t\t<\/div>\n\t\t<\/section>\n\t\t\t\t<section class=\"elementor-section elementor-top-section elementor-element elementor-element-c6d69dc elementor-section-boxed elementor-section-height-default elementor-section-height-default\" data-id=\"c6d69dc\" data-element_type=\"section\">\n\t\t\t\t\t\t<div class=\"elementor-container elementor-column-gap-default\">\n\t\t\t\t\t<div class=\"elementor-column elementor-col-100 elementor-top-column elementor-element elementor-element-04406c0\" data-id=\"04406c0\" data-element_type=\"column\">\n\t\t\t<div class=\"elementor-widget-wrap elementor-element-populated\">\n\t\t\t\t\t\t\t\t<div class=\"elementor-element elementor-element-a10952c elementor-widget elementor-widget-text-editor\" data-id=\"a10952c\" data-element_type=\"widget\" data-widget_type=\"text-editor.default\">\n\t\t\t\t<div class=\"elementor-widget-container\">\n\t\t\t<style>\/*! elementor - v3.17.0 - 08-11-2023 *\/\n.elementor-widget-text-editor.elementor-drop-cap-view-stacked .elementor-drop-cap{background-color:#69727d;color:#fff}.elementor-widget-text-editor.elementor-drop-cap-view-framed .elementor-drop-cap{color:#69727d;border:3px solid;background-color:transparent}.elementor-widget-text-editor:not(.elementor-drop-cap-view-default) .elementor-drop-cap{margin-top:8px}.elementor-widget-text-editor:not(.elementor-drop-cap-view-default) .elementor-drop-cap-letter{width:1em;height:1em}.elementor-widget-text-editor .elementor-drop-cap{float:left;text-align:center;line-height:1;font-size:50px}.elementor-widget-text-editor .elementor-drop-cap-letter{display:inline-block}<\/style>\t\t\t\t<p><b>INFORMACI\u00d3 LEGAL LSSIYCE<\/b><\/p><p>D&#039;acord amb les obligacions previstes a la Llei 34\/2002 de Serveis de la Societat de la Informaci\u00f3 i del Comer\u00e7 Electr\u00f2nic (d&#039;ara endavant LSSIYCE), Tophosteleria 2015 Distribuci\u00f3 de Maquin\u00e0ria SLU (d&#039;ara endavant TOPHOSTELERIA) amb domicili al c\/ Dr. Trueta, 3, Sant Celoni i correu electr\u00f2nic info@tophosteleria<\/p><p>\u2013 el domini web: https:\/\/tophosteleriaprojects.com<\/p><p>TOPHOSTELERIA no pot assumir cap responsabilitat derivada de l&#039;\u00fas incorrecte o il\u00b7l\u00edcit de la informaci\u00f3 que aparegui a les seves p\u00e0gines web o pres\u00e8ncia online a les diverses xarxes socials. Amb els l\u00edmits establerts a la llei, TOPHOSTELERIA no assumeix cap responsabilitat per la manca de veracitat, integritat, actualitzaci\u00f3 i precisi\u00f3 de les dades o informacions que es contenen a les seves p\u00e0gines d&#039;Internet.\u00a0<\/p><p>Els continguts i la informaci\u00f3 de les p\u00e0gines d&#039;Internet i les xarxes socials de TOPHOSTELERIA elaborats per professionals degudament qualificats per a l&#039;exercici de la seva professi\u00f3. No obstant aix\u00f2, els continguts i la informaci\u00f3 no vinculen a l&#039;esmentada, ni constitueixen opinions, consells o assessorament legal de cap mena, ja que es tracta merament d&#039;un servei ofert amb car\u00e0cter informatiu i divulgatiu.<\/p><p>Les p\u00e0gines d&#039;Internet i les xarxes socials de TOPHOSTELERIA poden contenir enlla\u00e7os (links) a altres p\u00e0gines de terceres parts. Per tant, aquesta no pot assumir responsabilitats pel contingut que pugui apar\u00e8ixer a p\u00e0gines de tercers. Els textos, imatges, sons, animacions, programari i la resta de continguts inclosos en aquest website s\u00f3n propietat exclusiva de TOPHOSTELERIA o els seus llicenciants. Qualsevol acte de transmissi\u00f3, distribuci\u00f3, cessi\u00f3, reproducci\u00f3, emmagatzematge o comunicaci\u00f3 p\u00fablica total o parcial, ha de comptar amb el consentiment expr\u00e9s de TOPHOSTELERIA.\u00a0<\/p><p>De la mateixa manera, es reserva el dret a retirar l&#039;acc\u00e9s al portal sense necessitat de previ av\u00eds a qualsevol usuari que contravingui el que disposa aquest av\u00eds legal.\u00a0<\/p><p><b>PROTECCI\u00d3 DE DADES PERSONALS<\/b><\/p><p>En virtut de la normativa de protecci\u00f3 de dades de car\u00e0cter personal, per la present autoritza que les dades personals facilitades siguin incorporades en fitxers responsabilitat de TOPHOSTELERIA i domicili al c\/ Dr. Trueta, 3, Sant Celoni:<\/p><ul><li>Dades de contacte a trav\u00e9s de comunicacions per correu electr\u00f2nic o formulari de contacte. Les vostres dades seran amb la finalitat de gestionar els nostres contactes i donar resposta a la vostra petici\u00f3, aix\u00ed com informar-vos sobre els nostres serveis. Les vostres dades seran conservades fins que es resolgui la petici\u00f3, i no seran transmeses a tercers.\u00a0<\/li><\/ul><p>En qualsevol cas, podr\u00e0 indicar la revocaci\u00f3 del consentiment donat, si aquesta va ser la base que va legitimar el tractament o exercitar els drets previstos:<\/p><ul><li>D&#039;acc\u00e9s: l&#039;interessat t\u00e9 dret a saber si el responsable tracta dades personals seves i, si \u00e9s aix\u00ed, t\u00e9 dret a accedir a aquestes dades, aix\u00ed com a obtenir informaci\u00f3 sobre els tractaments realitzats.\u00a0<\/li><li>Rectificaci\u00f3: Est\u00e0 vinculat al car\u00e0cter d&#039;inexactitud o incomplet de les dades. L&#039;interessat t\u00e9 dret a rectificar les seves dades personals inexactes i que es completin les dades personals incompletes.\u00a0<\/li><li>Supressi\u00f3: L&#039;interessat t\u00e9 dret a obtenir la supressi\u00f3 de les seves dades personals (\u00abdret a l&#039;oblit\u00bb), quan aquestes ja no s\u00f3n necess\u00e0ries per a la finalitat per a la qual es van recollir, es revoca el consentiment en qu\u00e8 es basava el tractament, l&#039;interessat s&#039;oposa al tractament, les dades s&#039;han tractat il\u00b7l\u00edcitament, s&#039;han de suprimir per complir una obligaci\u00f3 legal menors.<\/li><li>Limitaci\u00f3 del tractament: \u00e9s un dret de la persona interessada consistent a marcar les dades de car\u00e0cter personal conservades amb la finalitat de limitar el tractament en el futur. La limitaci\u00f3 del tractament suposa que, a petici\u00f3 de la persona interessada, les dades personals indicades es deixin de tractar.<\/li><li>Oposici\u00f3: l&#039;interessat t\u00e9 dret a oposar-se al tractament de les vostres dades quan es base en alguns sup\u00f2sits concrets i s&#039;invoqui un motiu relacionat amb la vostra situaci\u00f3 personal.\u00a0<\/li><li>Portabilitat de les dades: l&#039;interessat t\u00e9 dret a rebre les dades personals facilitades al responsable del tractament en un format estructurat, d&#039;\u00fas com\u00fa i de lectura mec\u00e0nica, si es basa en el consentiment o en un contracte o quan el tractament es realitza per mitjans automatitzats.\u00a0<\/li><li>A no ser objecte de decisions individuals automatitzades: l&#039;interessat t\u00e9 dret a no ser objecte d&#039;una decisi\u00f3 basada en el tractament automatitzat de les seves dades, inclosa l&#039;elaboraci\u00f3 de perfils que hi produeixi efectes jur\u00eddics o que l&#039;afecti negativament.\u00a0<\/li><\/ul><p>Aquestes peticions s&#039;hauran de fer a Sant Celoni, Av. Palau, 327 o per correu electr\u00f2nic a info@tophosteleria.com<\/p><p>Aix\u00ed mateix, tamb\u00e9 podr\u00e0 presentar una reclamaci\u00f3 a l&#039;Ag\u00e8ncia Espanyola de Protecci\u00f3 de Dades.<\/p><p><b>PROPIETAT INDUSTRIAL I INTEL\u00b7LECTUAL<\/b><\/p><p>Aquest lloc web \u00e9s propietat de la TOPHOSTELERIA. Els drets de propietat intel\u00b7lectual i els drets d&#039;explotaci\u00f3 i reproducci\u00f3 d&#039;aquest lloc web, les seves p\u00e0gines, la seva pres\u00e8ncia en xarxes socials, pantalles, la informaci\u00f3 que contenen, la seva aparen\u00e7a i disseny, aix\u00ed com els enlla\u00e7os (\u00abhipervincles\u00bb) establerts des d&#039;ella a altres p\u00e0gines web de qualsevol centre adscrit o organisme dependent, s\u00f3n propietat exclusiva d&#039;aquesta excepte.\u00a0<\/p><p>Totes les denominacions, dissenys i\/o logotips, aix\u00ed com qualsevol producte o servei ofert i reflectit en aquest lloc web, s\u00f3n marques comercials degudament enregistrades per la TOPHOSTELERIA per les seves subsidi\u00e0ries i\/o dominades o per tercers.<\/p><p>Qualsevol \u00fas indegut del mateix per persones diferents del seu leg\u00edtim titular i sense el consentiment expr\u00e9s i inequ\u00edvoc d&#039;aquest podr\u00e0 ser denunciat i enjudiciat per tots els mitjans legals existents a l&#039;ordenament jur\u00eddic espanyol i\/o comunitari.<\/p><p>Els drets de propietat intel\u00b7lectual i marques comercials de tercers es destaquen convenientment i han de ser respectats per qualsevol persona que accedeixi a aquesta p\u00e0gina, i no \u00e9s responsable de la TOPHOSTELERIA l&#039;\u00fas que l&#039;usuari pugui dur a terme sobre aix\u00f2, i \u00e9s l&#039;\u00fanica responsabilitat sobre la seva persona.<\/p><p>Nom\u00e9s per a \u00fas personal i privat es permet descarregar els continguts, copiar o imprimir qualsevol p\u00e0gina d&#039;aquest lloc web i xarxes socials. Queda prohibit reproduir, transmetre, modificar o eliminar la informaci\u00f3, els continguts o les advert\u00e8ncies d&#039;aquest lloc web sense l&#039;autoritzaci\u00f3 pr\u00e8via per escrit de TOPHOSTELERIA.<\/p><p>TOPHOSTELERIA no transfereix als usuaris la propietat del programari. L&#039;usuari \u00e9s el propietari del mitj\u00e0 on s&#039;enregistra el programari. TOPHOSTELERIA posseeix tots els drets de propietat industrial i intel\u00b7lectual, incl\u00f2s el programari. Si l&#039;usuari transfereix programari d&#039;aquest lloc web al vostre terminal, no podreu disseccionar pel vostre estudi i descompilar, traduir la versi\u00f3 del codi objecte original o el vostre idioma a un altre codi o idioma.<\/p><p><b>LLEI APLICABLE I JURISDICCI\u00d3<\/b><\/p><p>Les presents condicions generals es regeixen per la Legislaci\u00f3 espanyola, sent competents els Jutjats i Tribunals espanyols per con\u00e8ixer de totes les q\u00fcestions que se suscitin sobre la interpretaci\u00f3, aplicaci\u00f3 i compliment de les mateixes. L&#039;usuari, per virtut de la seva acceptaci\u00f3 a les condicions generals recollides en aquest av\u00eds legal i sempre que aquesta submissi\u00f3 sigui possible, renuncia expressament a qualsevol fur que, per aplicaci\u00f3 de la Llei d&#039;Enjudiciament Civil vigent, li pugui correspondre.<\/p>\t\t\t\t\t\t<\/div>\n\t\t\t\t<\/div>\n\t\t\t\t\t<\/div>\n\t\t<\/div>\n\t\t\t\t\t\t\t<\/div>\n\t\t<\/section>\n\t\t\t\t\t\t\t<\/div>","protected":false},"excerpt":{"rendered":"<p>AVISO LEGAL Y POL\u00cdTICA DE PRIVACIDAD INFORMACI\u00d3N LEGAL LSSIYCE De acuerdo con las obligaciones previstas en la Ley 34\/2002 de Servicios de la Sociedad de la Informaci\u00f3n y del Comercio Electr\u00f3nico (en adelante LSSIYCE), Tophosteleria 2015 Distribuci\u00f3n de Maquinaria SLU (en adelante TOPHOSTELERIA) con domicilio en C\/ Dr. Trueta, 3, Sant Celoni y correo electr\u00f3nico&hellip;&nbsp;<a href=\"https:\/\/www.tophosteleriaprojects.com\/ca\/avis-legal-i-politica-de-privadesa\/\" class=\"\" rel=\"bookmark\">Llegiu m\u00e9s \u00bb<span class=\"screen-reader-text\">AV\u00cdS LEGAL I POL\u00cdTICA DE PRIVACITAT<\/span><\/a><\/p>","protected":false},"author":1,"featured_media":0,"parent":0,"menu_order":0,"comment_status":"closed","ping_status":"closed","template":"","meta":{"neve_meta_sidebar":"","neve_meta_container":"","neve_meta_enable_content_width":"","neve_meta_content_width":0,"neve_meta_title_alignment":"","neve_meta_author_avatar":"","neve_post_elements_order":"","neve_meta_disable_header":"","neve_meta_disable_footer":"","neve_meta_disable_title":"","neve_meta_reading_time":"","footnotes":""},"_links":{"self":[{"href":"https:\/\/www.tophosteleriaprojects.com\/ca\/wp-json\/wp\/v2\/pages\/806"}],"collection":[{"href":"https:\/\/www.tophosteleriaprojects.com\/ca\/wp-json\/wp\/v2\/pages"}],"about":[{"href":"https:\/\/www.tophosteleriaprojects.com\/ca\/wp-json\/wp\/v2\/types\/page"}],"author":[{"embeddable":true,"href":"https:\/\/www.tophosteleriaprojects.com\/ca\/wp-json\/wp\/v2\/users\/1"}],"replies":[{"embeddable":true,"href":"https:\/\/www.tophosteleriaprojects.com\/ca\/wp-json\/wp\/v2\/comments?post=806"}],"version-history":[{"count":13,"href":"https:\/\/www.tophosteleriaprojects.com\/ca\/wp-json\/wp\/v2\/pages\/806\/revisions"}],"predecessor-version":[{"id":886,"href":"https:\/\/www.tophosteleriaprojects.com\/ca\/wp-json\/wp\/v2\/pages\/806\/revisions\/886"}],"wp:attachment":[{"href":"https:\/\/www.tophosteleriaprojects.com\/ca\/wp-json\/wp\/v2\/media?parent=806"}],"curies":[{"name":"wp","href":"https:\/\/api.w.org\/{rel}","templated":true}]}}