{"id":832,"date":"2023-08-14T11:50:05","date_gmt":"2023-08-14T09:50:05","guid":{"rendered":"https:\/\/tophosteleria.seoagil.com\/?page_id=832"},"modified":"2023-08-18T10:27:11","modified_gmt":"2023-08-18T08:27:11","slug":"declaracion-de-accesibilidad","status":"publish","type":"page","link":"https:\/\/www.tophosteleriaprojects.com\/ca\/declaracio-daccessibilitat\/","title":{"rendered":"Declaraci\u00f3 d&#039;accessibilitat"},"content":{"rendered":"<div data-elementor-type=\"wp-post\" data-elementor-id=\"832\" class=\"elementor elementor-832\" data-elementor-post-type=\"page\">\n\t\t\t\t\t\t\t\t\t<section class=\"elementor-section elementor-top-section elementor-element elementor-element-55048ce elementor-section-boxed elementor-section-height-default elementor-section-height-default\" data-id=\"55048ce\" data-element_type=\"section\">\n\t\t\t\t\t\t<div class=\"elementor-container elementor-column-gap-default\">\n\t\t\t\t\t<div class=\"elementor-column elementor-col-100 elementor-top-column elementor-element elementor-element-98a9b76\" data-id=\"98a9b76\" data-element_type=\"column\">\n\t\t\t<div class=\"elementor-widget-wrap elementor-element-populated\">\n\t\t\t\t\t\t\t\t<div class=\"elementor-element elementor-element-46fbd0c elementor-widget elementor-widget-heading\" data-id=\"46fbd0c\" data-element_type=\"widget\" data-widget_type=\"heading.default\">\n\t\t\t\t<div class=\"elementor-widget-container\">\n\t\t\t<style>\/*! elementor - v3.17.0 - 08-11-2023 *\/\n.elementor-heading-title{padding:0;margin:0;line-height:1}.elementor-widget-heading .elementor-heading-title[class*=elementor-size-]>a{color:inherit;font-size:inherit;line-height:inherit}.elementor-widget-heading .elementor-heading-title.elementor-size-small{font-size:15px}.elementor-widget-heading .elementor-heading-title.elementor-size-medium{font-size:19px}.elementor-widget-heading .elementor-heading-title.elementor-size-large{font-size:29px}.elementor-widget-heading .elementor-heading-title.elementor-size-xl{font-size:39px}.elementor-widget-heading .elementor-heading-title.elementor-size-xxl{font-size:59px}<\/style><h2 class=\"elementor-heading-title elementor-size-default\">Declaraci\u00f3 d&#039;accessibilitat\n<\/h2>\t\t<\/div>\n\t\t\t\t<\/div>\n\t\t\t\t\t<\/div>\n\t\t<\/div>\n\t\t\t\t\t\t\t<\/div>\n\t\t<\/section>\n\t\t\t\t<section class=\"elementor-section elementor-top-section elementor-element elementor-element-c6d69dc elementor-section-boxed elementor-section-height-default elementor-section-height-default\" data-id=\"c6d69dc\" data-element_type=\"section\">\n\t\t\t\t\t\t<div class=\"elementor-container elementor-column-gap-default\">\n\t\t\t\t\t<div class=\"elementor-column elementor-col-100 elementor-top-column elementor-element elementor-element-04406c0\" data-id=\"04406c0\" data-element_type=\"column\">\n\t\t\t<div class=\"elementor-widget-wrap elementor-element-populated\">\n\t\t\t\t\t\t\t\t<div class=\"elementor-element elementor-element-a10952c elementor-widget elementor-widget-text-editor\" data-id=\"a10952c\" data-element_type=\"widget\" data-widget_type=\"text-editor.default\">\n\t\t\t\t<div class=\"elementor-widget-container\">\n\t\t\t<style>\/*! elementor - v3.17.0 - 08-11-2023 *\/\n.elementor-widget-text-editor.elementor-drop-cap-view-stacked .elementor-drop-cap{background-color:#69727d;color:#fff}.elementor-widget-text-editor.elementor-drop-cap-view-framed .elementor-drop-cap{color:#69727d;border:3px solid;background-color:transparent}.elementor-widget-text-editor:not(.elementor-drop-cap-view-default) .elementor-drop-cap{margin-top:8px}.elementor-widget-text-editor:not(.elementor-drop-cap-view-default) .elementor-drop-cap-letter{width:1em;height:1em}.elementor-widget-text-editor .elementor-drop-cap{float:left;text-align:center;line-height:1;font-size:50px}.elementor-widget-text-editor .elementor-drop-cap-letter{display:inline-block}<\/style>\t\t\t\t<p>Tophosteleria 2015 Distribuci\u00f3 de Maquin\u00e0ria SLU s&#039;ha comprom\u00e8s a fer accessible el vostre lloc web, de conformitat amb el Reial Decret 1112\/2018, de 7 de setembre, sobre accessibilitat dels llocs web i aplicacions per a dispositius m\u00f2bils del sector p\u00fablic.<\/p><p>Aquesta declaraci\u00f3 d&#039;accessibilitat s&#039;aplica al web https:\/\/tophosteleriaprojects.com<\/p><p>Situaci\u00f3 de compliment<br \/>Aquest lloc web \u00e9s parcialment conforme amb el RD 1112\/2018 degut a les excepcions ia la manca de conformitat dels aspectes que s&#039;indiquen al punt seg\u00fcent.<\/p><p>Contingut no accessible<br \/>El contingut que es recull a continuaci\u00f3 no \u00e9s accessible pel seg\u00fcent:<\/p><p>A) Manca de conformitat amb el RD 1112\/2018<\/p><p>Podrien existir errors de codi puntuals dedici\u00f3 en alguna p\u00e0gina web. [4.1.1 Processament]<br \/>Podrien haver-hi errors puntuals d&#039;edici\u00f3 en alguna p\u00e0gina web.<br \/>B) C\u00e0rrega desproporcionada<\/p><p>No s&#039;aplica.<\/p><p>Preparaci\u00f3 per a la seg\u00fcent declaraci\u00f3 d&#039;accessibilitat<br \/>Aquesta declaraci\u00f3 va ser preparada el 13 de gener del 2023. El m\u00e8tode emprat per preparar la declaraci\u00f3 ha estat una autoavaluaci\u00f3 duta a terme per l&#039;empresa desenvolupadora del lloc web: SEOAGIL SL.<\/p><p>Observacions i dades de contacte<br \/>Podeu realitzar comunicacions sobre requisits d&#039;accessibilitat (article 10.2.a del RD 1112\/2018) com ara:<\/p><p>Informar sobre qualsevol possible incompliment per part d&#039;aquest lloc web<br \/>Transmetre altres dificultats d&#039;acc\u00e9s al contingut<br \/>Formular qualsevol altra consulta o suggeriment de millora relativa a l&#039;accessibilitat del lloc web<br \/>A trav\u00e9s d&#039;adre\u00e7a de correu electr\u00f2nic info@tophosteleria.com oa trav\u00e9s del n\u00famero de tel\u00e8fon (+34) 675 605 705.<\/p><p>Podeu presentar:<\/p><p>Queixa relativa al compliment dels requisits del RD 1112\/2018 o<br \/>Sol\u00b7licitud d&#039;informaci\u00f3 accessible relativa a:<br \/>Continguts que estan exclosos de l\u00e0mbit daplicaci\u00f3 del RD 1112\/2018 segons el que estableix larticle 3, apartat 4<br \/>Continguts que estan exempts del compliment dels requisits d&#039;accessibilitat per imposar una c\u00e0rrega desproporcionada<br \/>Contingut opcional<br \/>Aquest portal est\u00e0 dissenyat per poder canviar la mida del text i el color, el contrast, el fons i el tipus de font mitjan\u00e7ant la utilitzaci\u00f3 d&#039;un plugin d&#039;accessibilitat espec\u00edfic situat al lloc web i que podeu identificar mitjan\u00e7ant aquesta icona:<\/p><p><img decoding=\"async\" loading=\"lazy\" class=\"alignnone size-full wp-image-835\" src=\"https:\/\/www.tophosteleriaprojects.com\/wp-content\/uploads\/2023\/08\/accesibilidad.png\" alt=\"\" width=\"90\" height=\"92\" \/><\/p><p>A m\u00e9s, podeu utilitzar les opcions de configuraci\u00f3 est\u00e0ndard dels navegadors.<\/p><p>Si voleu canviar la mida de lletra del text als principals navegadors gr\u00e0fics utilitzeu els men\u00fas seg\u00fcents:<\/p><p>Internet Explorer, Mozilla i Firefox: Veure &gt; Mida del text<br \/>Opera: Veure &gt; Zoom<br \/>Safari: Veure &gt; Fer el text m\u00e9s gran<br \/>Chrome: Controla la p\u00e0gina actual &gt; Mida del text<br \/>Per modificar la mida de tot a la p\u00e0gina:<\/p><p>Ctrl + + per augmentar-ho<br \/>Ctrl + \u2013 per disminuir-ho<br \/>Ctrl + 0 restaura la mida original del text<br \/>El lloc web est\u00e0 optimitzat per als navegadors Microsoft Internet Explorer 8.0 o versions superiors i les darreres versions vigents de FireFox, Safari, Opera i Google Chrome. La resoluci\u00f3 web m\u00ednima recomanada \u00e9s de 1280\u00d71024.<\/p><p>El lloc web est\u00e0 dissenyat per a la seva visualitzaci\u00f3 Responsive, de manera que es visualitza de forma \u00f2ptima en els dispositius tablet i m\u00f2bils. En aquests dispositius est\u00e0 optimitzat per visualitzar-lo en les \u00faltimes versions vigents de Chrome for mobile, Firefox for mobile, Safari mobile, Opera Mini i navegador nadiu d&#039;Android.<\/p>\t\t\t\t\t\t<\/div>\n\t\t\t\t<\/div>\n\t\t\t\t\t<\/div>\n\t\t<\/div>\n\t\t\t\t\t\t\t<\/div>\n\t\t<\/section>\n\t\t\t\t\t\t\t<\/div>","protected":false},"excerpt":{"rendered":"<p>Declaraci\u00f3 d&#039;Accessibilitat Tophosteleria 2015 Distribuci\u00f3 de Maquin\u00e0ria SLU s&#039;ha comprom\u00e8s a fer accessible el vostre lloc web, de conformitat amb el Reial Decret 1112\/2018, de 7 de setembre, sobre accessibilitat dels llocs web i aplicacions per a dispositius m\u00f2bils del sector p\u00fablic. Aquesta declaraci\u00f3 d&#039;accessibilitat s&#039;aplica al lloc web https:\/\/tophosteleriaprojects.com Situaci\u00f3\u2026&nbsp;<a href=\"https:\/\/www.tophosteleriaprojects.com\/ca\/declaracio-daccessibilitat\/\" class=\"\" rel=\"bookmark\">Llegiu m\u00e9s \u00bb<span class=\"screen-reader-text\">Declaraci\u00f3 d&#039;accessibilitat<\/span><\/a><\/p>","protected":false},"author":1,"featured_media":0,"parent":0,"menu_order":0,"comment_status":"closed","ping_status":"closed","template":"","meta":{"neve_meta_sidebar":"","neve_meta_container":"","neve_meta_enable_content_width":"","neve_meta_content_width":0,"neve_meta_title_alignment":"","neve_meta_author_avatar":"","neve_post_elements_order":"","neve_meta_disable_header":"","neve_meta_disable_footer":"","neve_meta_disable_title":"","neve_meta_reading_time":"","footnotes":""},"_links":{"self":[{"href":"https:\/\/www.tophosteleriaprojects.com\/ca\/wp-json\/wp\/v2\/pages\/832"}],"collection":[{"href":"https:\/\/www.tophosteleriaprojects.com\/ca\/wp-json\/wp\/v2\/pages"}],"about":[{"href":"https:\/\/www.tophosteleriaprojects.com\/ca\/wp-json\/wp\/v2\/types\/page"}],"author":[{"embeddable":true,"href":"https:\/\/www.tophosteleriaprojects.com\/ca\/wp-json\/wp\/v2\/users\/1"}],"replies":[{"embeddable":true,"href":"https:\/\/www.tophosteleriaprojects.com\/ca\/wp-json\/wp\/v2\/comments?post=832"}],"version-history":[{"count":7,"href":"https:\/\/www.tophosteleriaprojects.com\/ca\/wp-json\/wp\/v2\/pages\/832\/revisions"}],"predecessor-version":[{"id":889,"href":"https:\/\/www.tophosteleriaprojects.com\/ca\/wp-json\/wp\/v2\/pages\/832\/revisions\/889"}],"wp:attachment":[{"href":"https:\/\/www.tophosteleriaprojects.com\/ca\/wp-json\/wp\/v2\/media?parent=832"}],"curies":[{"name":"wp","href":"https:\/\/api.w.org\/{rel}","templated":true}]}}