{"id":832,"date":"2023-08-14T11:50:05","date_gmt":"2023-08-14T09:50:05","guid":{"rendered":"https:\/\/tophosteleria.seoagil.com\/?page_id=832"},"modified":"2023-08-18T10:27:11","modified_gmt":"2023-08-18T08:27:11","slug":"declaracion-de-accesibilidad","status":"publish","type":"page","link":"https:\/\/www.tophosteleriaprojects.com\/es\/declaracion-de-accesibilidad\/","title":{"rendered":"Declaraci\u00f3n de accesibilidad"},"content":{"rendered":"\t\t<div data-elementor-type=\"wp-post\" data-elementor-id=\"832\" class=\"elementor elementor-832\" data-elementor-post-type=\"page\">\n\t\t\t\t\t\t\t\t\t<section class=\"elementor-section elementor-top-section elementor-element elementor-element-55048ce elementor-section-boxed elementor-section-height-default elementor-section-height-default\" data-id=\"55048ce\" data-element_type=\"section\">\n\t\t\t\t\t\t<div class=\"elementor-container elementor-column-gap-default\">\n\t\t\t\t\t<div class=\"elementor-column elementor-col-100 elementor-top-column elementor-element elementor-element-98a9b76\" data-id=\"98a9b76\" data-element_type=\"column\">\n\t\t\t<div class=\"elementor-widget-wrap elementor-element-populated\">\n\t\t\t\t\t\t\t\t<div class=\"elementor-element elementor-element-46fbd0c elementor-widget elementor-widget-heading\" data-id=\"46fbd0c\" data-element_type=\"widget\" data-widget_type=\"heading.default\">\n\t\t\t\t<div class=\"elementor-widget-container\">\n\t\t\t<style>\/*! elementor - v3.17.0 - 08-11-2023 *\/\n.elementor-heading-title{padding:0;margin:0;line-height:1}.elementor-widget-heading .elementor-heading-title[class*=elementor-size-]>a{color:inherit;font-size:inherit;line-height:inherit}.elementor-widget-heading .elementor-heading-title.elementor-size-small{font-size:15px}.elementor-widget-heading .elementor-heading-title.elementor-size-medium{font-size:19px}.elementor-widget-heading .elementor-heading-title.elementor-size-large{font-size:29px}.elementor-widget-heading .elementor-heading-title.elementor-size-xl{font-size:39px}.elementor-widget-heading .elementor-heading-title.elementor-size-xxl{font-size:59px}<\/style><h2 class=\"elementor-heading-title elementor-size-default\">Declaraci\u00f3n de Accesibilidad\n<\/h2>\t\t<\/div>\n\t\t\t\t<\/div>\n\t\t\t\t\t<\/div>\n\t\t<\/div>\n\t\t\t\t\t\t\t<\/div>\n\t\t<\/section>\n\t\t\t\t<section class=\"elementor-section elementor-top-section elementor-element elementor-element-c6d69dc elementor-section-boxed elementor-section-height-default elementor-section-height-default\" data-id=\"c6d69dc\" data-element_type=\"section\">\n\t\t\t\t\t\t<div class=\"elementor-container elementor-column-gap-default\">\n\t\t\t\t\t<div class=\"elementor-column elementor-col-100 elementor-top-column elementor-element elementor-element-04406c0\" data-id=\"04406c0\" data-element_type=\"column\">\n\t\t\t<div class=\"elementor-widget-wrap elementor-element-populated\">\n\t\t\t\t\t\t\t\t<div class=\"elementor-element elementor-element-a10952c elementor-widget elementor-widget-text-editor\" data-id=\"a10952c\" data-element_type=\"widget\" data-widget_type=\"text-editor.default\">\n\t\t\t\t<div class=\"elementor-widget-container\">\n\t\t\t<style>\/*! elementor - v3.17.0 - 08-11-2023 *\/\n.elementor-widget-text-editor.elementor-drop-cap-view-stacked .elementor-drop-cap{background-color:#69727d;color:#fff}.elementor-widget-text-editor.elementor-drop-cap-view-framed .elementor-drop-cap{color:#69727d;border:3px solid;background-color:transparent}.elementor-widget-text-editor:not(.elementor-drop-cap-view-default) .elementor-drop-cap{margin-top:8px}.elementor-widget-text-editor:not(.elementor-drop-cap-view-default) .elementor-drop-cap-letter{width:1em;height:1em}.elementor-widget-text-editor .elementor-drop-cap{float:left;text-align:center;line-height:1;font-size:50px}.elementor-widget-text-editor .elementor-drop-cap-letter{display:inline-block}<\/style>\t\t\t\t<p>Tophosteleria 2015 Distribuci\u00f3n de Maquinaria SLU se ha comprometido a hacer accesible su sitio web, de conformidad con el Real Decreto 1112\/2018, de 7 de septiembre, sobre accesibilidad de los sitios web y aplicaciones para dispositivos m\u00f3viles del sector p\u00fablico.<\/p><p>La presente declaraci\u00f3n de accesibilidad se aplica al sitio web https:\/\/tophosteleriaprojects.com<\/p><p>Situaci\u00f3n de cumplimiento<br \/>Este sitio web es parcialmente conforme con el RD 1112\/2018 debido a las excepciones y a la falta de conformidad de los aspectos que se indican en el siguiente punto.<\/p><p>Contenido no accesible<br \/>El contenido que se recoge a continuaci\u00f3n no es accesible por lo siguiente:<\/p><p>A) Falta de conformidad con el RD 1112\/2018<\/p><p>Podr\u00edan existir errores de c\u00f3digo puntuales de edici\u00f3n en alguna p\u00e1gina web. [4.1.1 Procesamiento]<br \/>Podr\u00edan existir fallos puntuales de edici\u00f3n en alguna p\u00e1gina web.<br \/>B) Carga desproporcionada<\/p><p>No aplica.<\/p><p>Preparaci\u00f3n para la siguiente declaraci\u00f3n de accesibilidad<br \/>La presente declaraci\u00f3n fue preparada el 13 de enero de 2023. El m\u00e9todo empleado para preparar la declaraci\u00f3n ha sido una autoevaluaci\u00f3n llevada a cabo por la empresa desarrolladora del sitio web: SEOAGIL S.L.<\/p><p>Observaciones y datos de contacto<br \/>Puede realizar comunicaciones sobre requisitos de accesibilidad (art\u00edculo 10.2.a del RD 1112\/2018) como, por ejemplo:<\/p><p>Informar sobre cualquier posible incumplimiento por parte de este sitio web<br \/>Transmitir otras dificultades de acceso al contenido<br \/>Formular cualquier otra consulta o sugerencia de mejora relativa a la accesibilidad del sitio web<br \/>A trav\u00e9s de direcci\u00f3n de e-mail info@tophosteleria.com o a trav\u00e9s del n\u00famero de tel\u00e9fono (+34) 675 605 705.<\/p><p>Puede presentar:<\/p><p>Queja relativa al cumplimiento de los requisitos del RD 1112\/2018 o<br \/>Solicitud de Informaci\u00f3n accesible relativa a:<br \/>Contenidos que est\u00e1n excluidos del \u00e1mbito de aplicaci\u00f3n del RD 1112\/2018 seg\u00fan lo establecido por el art\u00edculo 3, apartado 4<br \/>Contenidos que est\u00e1n exentos del cumplimiento de los requisitos de accesibilidad por imponer una carga desproporcionada<br \/>Contenido opcional<br \/>Este portal est\u00e1 dise\u00f1ado para poder cambiar el tama\u00f1o del texto y el color, el contraste, el fondo y el tipo de fuente mediante la utilizaci\u00f3n de un plugin de accesibilidad espec\u00edfico situado en el sitio web y que puede identificar mediante este icono:<\/p><p><img decoding=\"async\" loading=\"lazy\" class=\"alignnone size-full wp-image-835\" src=\"https:\/\/www.tophosteleriaprojects.com\/wp-content\/uploads\/2023\/08\/accesibilidad.png\" alt=\"\" width=\"90\" height=\"92\" \/><\/p><p>Adem\u00e1s, puede utilizar las opciones de configuraci\u00f3n est\u00e1ndar de los navegadores.<\/p><p>Si desea cambiar el tama\u00f1o de letra del texto en los principales navegadores gr\u00e1ficos utilice los siguientes men\u00fas:<\/p><p>Internet Explorer, Mozilla y Firefox: Ver &gt; Tama\u00f1o del texto<br \/>Opera: Ver &gt; Zoom<br \/>Safari: Ver &gt; Hacer el texto m\u00e1s grande<br \/>Chrome: Controla la p\u00e1gina actual &gt; Tama\u00f1o del texto<br \/>Para modificar el tama\u00f1o de todo en la p\u00e1gina:<\/p><p>Ctrl + + para aumentarlo<br \/>Ctrl + \u2013 para disminuirlo<br \/>Ctrl + 0 restaura el tama\u00f1o original del texto<br \/>El sitio web est\u00e1 optimizado para los navegadores Microsoft Internet Explorer 8.0 o versiones superiores y las \u00faltimas versiones vigentes de FireFox, Safari, Opera y Google Chrome. La resoluci\u00f3n web m\u00ednima recomendada es de 1280\u00d71024.<\/p><p>El sitio web est\u00e1 dise\u00f1ado para su visualizaci\u00f3n Responsive, con lo que se visualiza de forma \u00f3ptima en los dispositivos tablet y m\u00f3viles. En estos dispositivos est\u00e1 optimizado para su visualizaci\u00f3n en las \u00faltimas versiones vigentes de Chrome for mobile, Firefox for mobile, Safari mobile, Opera Mini y navegador nativo de Android.<\/p>\t\t\t\t\t\t<\/div>\n\t\t\t\t<\/div>\n\t\t\t\t\t<\/div>\n\t\t<\/div>\n\t\t\t\t\t\t\t<\/div>\n\t\t<\/section>\n\t\t\t\t\t\t\t<\/div>\n\t\t","protected":false},"excerpt":{"rendered":"<p>Declaraci\u00f3n de Accesibilidad Tophosteleria 2015 Distribuci\u00f3n de Maquinaria SLU se ha comprometido a hacer accesible su sitio web, de conformidad con el Real Decreto 1112\/2018, de 7 de septiembre, sobre accesibilidad de los sitios web y aplicaciones para dispositivos m\u00f3viles del sector p\u00fablico. La presente declaraci\u00f3n de accesibilidad se aplica al sitio web https:\/\/tophosteleriaprojects.com Situaci\u00f3n&hellip;&nbsp;<a href=\"https:\/\/www.tophosteleriaprojects.com\/es\/declaracion-de-accesibilidad\/\" class=\"\" rel=\"bookmark\">Leer m\u00e1s &raquo;<span class=\"screen-reader-text\">Declaraci\u00f3n de accesibilidad<\/span><\/a><\/p>\n","protected":false},"author":1,"featured_media":0,"parent":0,"menu_order":0,"comment_status":"closed","ping_status":"closed","template":"","meta":{"neve_meta_sidebar":"","neve_meta_container":"","neve_meta_enable_content_width":"","neve_meta_content_width":0,"neve_meta_title_alignment":"","neve_meta_author_avatar":"","neve_post_elements_order":"","neve_meta_disable_header":"","neve_meta_disable_footer":"","neve_meta_disable_title":"","neve_meta_reading_time":"","footnotes":""},"_links":{"self":[{"href":"https:\/\/www.tophosteleriaprojects.com\/es\/wp-json\/wp\/v2\/pages\/832"}],"collection":[{"href":"https:\/\/www.tophosteleriaprojects.com\/es\/wp-json\/wp\/v2\/pages"}],"about":[{"href":"https:\/\/www.tophosteleriaprojects.com\/es\/wp-json\/wp\/v2\/types\/page"}],"author":[{"embeddable":true,"href":"https:\/\/www.tophosteleriaprojects.com\/es\/wp-json\/wp\/v2\/users\/1"}],"replies":[{"embeddable":true,"href":"https:\/\/www.tophosteleriaprojects.com\/es\/wp-json\/wp\/v2\/comments?post=832"}],"version-history":[{"count":7,"href":"https:\/\/www.tophosteleriaprojects.com\/es\/wp-json\/wp\/v2\/pages\/832\/revisions"}],"predecessor-version":[{"id":889,"href":"https:\/\/www.tophosteleriaprojects.com\/es\/wp-json\/wp\/v2\/pages\/832\/revisions\/889"}],"wp:attachment":[{"href":"https:\/\/www.tophosteleriaprojects.com\/es\/wp-json\/wp\/v2\/media?parent=832"}],"curies":[{"name":"wp","href":"https:\/\/api.w.org\/{rel}","templated":true}]}}